{"id":122,"date":"2016-10-05T02:04:12","date_gmt":"2016-10-05T00:04:12","guid":{"rendered":"http:\/\/ijsoft.esy.es\/?page_id=122"},"modified":"2025-04-19T21:18:55","modified_gmt":"2025-04-19T19:18:55","slug":"cpu-l","status":"publish","type":"page","link":"https:\/\/www.ijrsoftware.com\/es\/cpu-l\/","title":{"rendered":"CPU-L"},"content":{"rendered":"<p><img loading=\"lazy\" class=\"wp-image-176\" src=\"https:\/\/www.ijrsoftware.com\/wp-content\/uploads\/2016\/10\/Logo512-1-150x150.png\" alt=\"Logo CPU-L\" width=\"100\" height=\"100\" srcset=\"https:\/\/www.ijrsoftware.com\/wp-content\/uploads\/2016\/10\/Logo512-1-150x150.png 150w, https:\/\/www.ijrsoftware.com\/wp-content\/uploads\/2016\/10\/Logo512-1-300x300.png 300w, https:\/\/www.ijrsoftware.com\/wp-content\/uploads\/2016\/10\/Logo512-1.png 512w\" sizes=\"(max-width: 100px) 100vw, 100px\" \/><\/p>\n<p>\u00bfQuieres montar un pc y no sabes que procesador ponerle? \u00bfQuieres saber las especificaciones exactas de una CPU en concreto? Pues con CPU-L podr\u00e1s consultar las especificaciones detalladas de todas las CPUs AMD e Intel e incluso las que aun no han sido lanzadas al mercado. Adem\u00e1s podr\u00e1s comparar hasta 10 microprocesadores especificaci\u00f3n a especificaci\u00f3n .<\/p>\n<p><strong>PRINCIPALES CARACTER\u00cdSTICAS:<\/strong><\/p>\n<p>\u2022 M\u00e1s de 1500 CPUs AMD y 3300 CPUs INTEL con todas las especificaciones.<br \/>\n\u2022 M\u00e1s de 600 fotos de CPUs<br \/>\n\u2022\u00a0Puntuaciones de Benchmarks: compara el rendimiento de las CPUs<br \/>\n\u2022 Buscador Avanzado: busca CPUs usando filtros avanzados<br \/>\n\u2022\u00a0Funci\u00f3n \u00abFavoritos\u00bb: \u00a1a\u00f1ade tus CPUs favoritas en un solo lugar!.<br \/>\n\u2022\u00a0Base de datos actualizable<br \/>\n\u2022\u00a0Comparador de CPUs. Compara hasta 10 CPUs!<br \/>\n\u2022\u00a0Funcionamiento sin conexi\u00f3n, no es necesario tener conexi\u00f3n a Internet activa (Algunas funciones necesitan una conexi\u00f3n a Internet).<\/p>\n<h3><span style=\"color: #009688;\">Capturas de Pantalla<\/span><\/h3>\n<div id=\"metaslider-id-177\" style=\"width: 100%; margin: 0 auto;\" class=\"ml-slider-3-101-0 metaslider metaslider-flex metaslider-177 ml-slider has-dots-nav has-carousel-mode ms-theme-default\" role=\"region\" aria-label=\"CPUL\" data-height=\"480\" data-width=\"240\">\n    <div id=\"metaslider_container_177\">\n        <div id=\"metaslider_177\">\n            <ul class='slides'>\n                <li style=\"display: none; width: 100%;\" class=\"slide-2664 ms-image \" aria-roledescription=\"slide\" data-date=\"2022-05-15 23:37:54\"><img width=\"1080\" height=\"1920\" src=\"https:\/\/www.ijrsoftware.com\/wp-content\/uploads\/2022\/05\/screenshot_cpul-1.png\" class=\"slider-177 slide-2664 msDefaultImage\" alt=\"\" loading=\"lazy\" rel=\"\" title=\"Screenshot CPU-L (1)\" srcset=\"https:\/\/www.ijrsoftware.com\/wp-content\/uploads\/2022\/05\/screenshot_cpul-1.png 1080w, https:\/\/www.ijrsoftware.com\/wp-content\/uploads\/2022\/05\/screenshot_cpul-1-169x300.png 169w, https:\/\/www.ijrsoftware.com\/wp-content\/uploads\/2022\/05\/screenshot_cpul-1-576x1024.png 576w, https:\/\/www.ijrsoftware.com\/wp-content\/uploads\/2022\/05\/screenshot_cpul-1-768x1365.png 768w, https:\/\/www.ijrsoftware.com\/wp-content\/uploads\/2022\/05\/screenshot_cpul-1-864x1536.png 864w\" sizes=\"(max-width: 1080px) 100vw, 1080px\" \/><\/li>\n                <li style=\"display: none; width: 100%;\" class=\"slide-2665 ms-image \" aria-roledescription=\"slide\" data-date=\"2022-05-15 23:37:56\"><img width=\"1080\" height=\"1920\" src=\"https:\/\/www.ijrsoftware.com\/wp-content\/uploads\/2022\/05\/screenshot_cpul-2.png\" class=\"slider-177 slide-2665 msDefaultImage\" alt=\"\" loading=\"lazy\" rel=\"\" title=\"Screenshot CPU-L (2)\" srcset=\"https:\/\/www.ijrsoftware.com\/wp-content\/uploads\/2022\/05\/screenshot_cpul-2.png 1080w, https:\/\/www.ijrsoftware.com\/wp-content\/uploads\/2022\/05\/screenshot_cpul-2-169x300.png 169w, https:\/\/www.ijrsoftware.com\/wp-content\/uploads\/2022\/05\/screenshot_cpul-2-576x1024.png 576w, https:\/\/www.ijrsoftware.com\/wp-content\/uploads\/2022\/05\/screenshot_cpul-2-768x1365.png 768w, https:\/\/www.ijrsoftware.com\/wp-content\/uploads\/2022\/05\/screenshot_cpul-2-864x1536.png 864w\" sizes=\"(max-width: 1080px) 100vw, 1080px\" \/><\/li>\n                <li style=\"display: none; width: 100%;\" class=\"slide-2666 ms-image \" aria-roledescription=\"slide\" data-date=\"2022-05-15 23:37:59\"><img width=\"1080\" height=\"1920\" src=\"https:\/\/www.ijrsoftware.com\/wp-content\/uploads\/2022\/05\/screenshot_cpul-3.png\" class=\"slider-177 slide-2666 msDefaultImage\" alt=\"\" loading=\"lazy\" rel=\"\" title=\"Screenshot CPU-L (3)\" srcset=\"https:\/\/www.ijrsoftware.com\/wp-content\/uploads\/2022\/05\/screenshot_cpul-3.png 1080w, https:\/\/www.ijrsoftware.com\/wp-content\/uploads\/2022\/05\/screenshot_cpul-3-169x300.png 169w, https:\/\/www.ijrsoftware.com\/wp-content\/uploads\/2022\/05\/screenshot_cpul-3-576x1024.png 576w, https:\/\/www.ijrsoftware.com\/wp-content\/uploads\/2022\/05\/screenshot_cpul-3-768x1365.png 768w, https:\/\/www.ijrsoftware.com\/wp-content\/uploads\/2022\/05\/screenshot_cpul-3-864x1536.png 864w\" sizes=\"(max-width: 1080px) 100vw, 1080px\" \/><\/li>\n                <li style=\"display: none; width: 100%;\" class=\"slide-2667 ms-image \" aria-roledescription=\"slide\" data-date=\"2022-05-15 23:38:02\"><img width=\"1080\" height=\"1920\" src=\"https:\/\/www.ijrsoftware.com\/wp-content\/uploads\/2022\/05\/screenshot_cpul-4.png\" class=\"slider-177 slide-2667 msDefaultImage\" alt=\"\" loading=\"lazy\" rel=\"\" title=\"Screenshot CPU-L (4)\" srcset=\"https:\/\/www.ijrsoftware.com\/wp-content\/uploads\/2022\/05\/screenshot_cpul-4.png 1080w, https:\/\/www.ijrsoftware.com\/wp-content\/uploads\/2022\/05\/screenshot_cpul-4-169x300.png 169w, https:\/\/www.ijrsoftware.com\/wp-content\/uploads\/2022\/05\/screenshot_cpul-4-576x1024.png 576w, https:\/\/www.ijrsoftware.com\/wp-content\/uploads\/2022\/05\/screenshot_cpul-4-768x1365.png 768w, https:\/\/www.ijrsoftware.com\/wp-content\/uploads\/2022\/05\/screenshot_cpul-4-864x1536.png 864w\" sizes=\"(max-width: 1080px) 100vw, 1080px\" \/><\/li>\n                <li style=\"display: none; width: 100%;\" class=\"slide-2668 ms-image \" aria-roledescription=\"slide\" data-date=\"2022-05-15 23:38:04\"><img width=\"1080\" height=\"1920\" src=\"https:\/\/www.ijrsoftware.com\/wp-content\/uploads\/2022\/05\/screenshot_cpul-5.png\" class=\"slider-177 slide-2668 msDefaultImage\" alt=\"\" loading=\"lazy\" rel=\"\" title=\"Screenshot CPU-L (5)\" srcset=\"https:\/\/www.ijrsoftware.com\/wp-content\/uploads\/2022\/05\/screenshot_cpul-5.png 1080w, https:\/\/www.ijrsoftware.com\/wp-content\/uploads\/2022\/05\/screenshot_cpul-5-169x300.png 169w, https:\/\/www.ijrsoftware.com\/wp-content\/uploads\/2022\/05\/screenshot_cpul-5-576x1024.png 576w, https:\/\/www.ijrsoftware.com\/wp-content\/uploads\/2022\/05\/screenshot_cpul-5-768x1365.png 768w, https:\/\/www.ijrsoftware.com\/wp-content\/uploads\/2022\/05\/screenshot_cpul-5-864x1536.png 864w\" sizes=\"(max-width: 1080px) 100vw, 1080px\" \/><\/li>\n                <li style=\"display: none; width: 100%;\" class=\"slide-2669 ms-image \" aria-roledescription=\"slide\" data-date=\"2022-05-15 23:38:06\"><img width=\"1080\" height=\"1920\" src=\"https:\/\/www.ijrsoftware.com\/wp-content\/uploads\/2022\/05\/screenshot_cpul-6.png\" class=\"slider-177 slide-2669 msDefaultImage\" alt=\"\" loading=\"lazy\" rel=\"\" title=\"Screenshot CPU-L (6)\" srcset=\"https:\/\/www.ijrsoftware.com\/wp-content\/uploads\/2022\/05\/screenshot_cpul-6.png 1080w, https:\/\/www.ijrsoftware.com\/wp-content\/uploads\/2022\/05\/screenshot_cpul-6-169x300.png 169w, https:\/\/www.ijrsoftware.com\/wp-content\/uploads\/2022\/05\/screenshot_cpul-6-576x1024.png 576w, https:\/\/www.ijrsoftware.com\/wp-content\/uploads\/2022\/05\/screenshot_cpul-6-768x1365.png 768w, https:\/\/www.ijrsoftware.com\/wp-content\/uploads\/2022\/05\/screenshot_cpul-6-864x1536.png 864w\" sizes=\"(max-width: 1080px) 100vw, 1080px\" \/><\/li>\n                <li style=\"display: none; width: 100%;\" class=\"slide-2670 ms-image \" aria-roledescription=\"slide\" data-date=\"2022-05-15 23:38:08\"><img width=\"1080\" height=\"1920\" src=\"https:\/\/www.ijrsoftware.com\/wp-content\/uploads\/2022\/05\/screenshot_cpul-7.png\" class=\"slider-177 slide-2670 msDefaultImage\" alt=\"\" loading=\"lazy\" rel=\"\" title=\"Screenshot CPU-L (7)\" srcset=\"https:\/\/www.ijrsoftware.com\/wp-content\/uploads\/2022\/05\/screenshot_cpul-7.png 1080w, https:\/\/www.ijrsoftware.com\/wp-content\/uploads\/2022\/05\/screenshot_cpul-7-169x300.png 169w, https:\/\/www.ijrsoftware.com\/wp-content\/uploads\/2022\/05\/screenshot_cpul-7-576x1024.png 576w, https:\/\/www.ijrsoftware.com\/wp-content\/uploads\/2022\/05\/screenshot_cpul-7-768x1365.png 768w, https:\/\/www.ijrsoftware.com\/wp-content\/uploads\/2022\/05\/screenshot_cpul-7-864x1536.png 864w\" sizes=\"(max-width: 1080px) 100vw, 1080px\" \/><\/li>\n                <li style=\"display: none; width: 100%;\" class=\"slide-2671 ms-image \" aria-roledescription=\"slide\" data-date=\"2022-05-15 23:38:11\"><img width=\"1080\" height=\"1920\" src=\"https:\/\/www.ijrsoftware.com\/wp-content\/uploads\/2022\/05\/screenshot_cpul-8.png\" class=\"slider-177 slide-2671 msDefaultImage\" alt=\"\" loading=\"lazy\" rel=\"\" title=\"Screenshot CPU-L (8)\" srcset=\"https:\/\/www.ijrsoftware.com\/wp-content\/uploads\/2022\/05\/screenshot_cpul-8.png 1080w, https:\/\/www.ijrsoftware.com\/wp-content\/uploads\/2022\/05\/screenshot_cpul-8-169x300.png 169w, https:\/\/www.ijrsoftware.com\/wp-content\/uploads\/2022\/05\/screenshot_cpul-8-576x1024.png 576w, https:\/\/www.ijrsoftware.com\/wp-content\/uploads\/2022\/05\/screenshot_cpul-8-768x1365.png 768w, https:\/\/www.ijrsoftware.com\/wp-content\/uploads\/2022\/05\/screenshot_cpul-8-864x1536.png 864w\" sizes=\"(max-width: 1080px) 100vw, 1080px\" \/><\/li>\n                <li style=\"display: none; width: 100%;\" class=\"slide-2672 ms-image \" aria-roledescription=\"slide\" data-date=\"2022-05-15 23:38:13\"><img width=\"1080\" height=\"1920\" src=\"https:\/\/www.ijrsoftware.com\/wp-content\/uploads\/2022\/05\/screenshot_cpul-9.png\" class=\"slider-177 slide-2672 msDefaultImage\" alt=\"\" loading=\"lazy\" rel=\"\" title=\"Screenshot CPU-L (9)\" srcset=\"https:\/\/www.ijrsoftware.com\/wp-content\/uploads\/2022\/05\/screenshot_cpul-9.png 1080w, https:\/\/www.ijrsoftware.com\/wp-content\/uploads\/2022\/05\/screenshot_cpul-9-169x300.png 169w, https:\/\/www.ijrsoftware.com\/wp-content\/uploads\/2022\/05\/screenshot_cpul-9-576x1024.png 576w, https:\/\/www.ijrsoftware.com\/wp-content\/uploads\/2022\/05\/screenshot_cpul-9-768x1365.png 768w, https:\/\/www.ijrsoftware.com\/wp-content\/uploads\/2022\/05\/screenshot_cpul-9-864x1536.png 864w\" sizes=\"(max-width: 1080px) 100vw, 1080px\" \/><\/li>\n                <li style=\"display: none; width: 100%;\" class=\"slide-2673 ms-image \" aria-roledescription=\"slide\" data-date=\"2022-05-15 23:38:19\"><img width=\"1080\" height=\"1920\" src=\"https:\/\/www.ijrsoftware.com\/wp-content\/uploads\/2022\/05\/screenshot_cpul-10.png\" class=\"slider-177 slide-2673 msDefaultImage\" alt=\"\" loading=\"lazy\" rel=\"\" title=\"Screenshot CPU-L (10)\" srcset=\"https:\/\/www.ijrsoftware.com\/wp-content\/uploads\/2022\/05\/screenshot_cpul-10.png 1080w, https:\/\/www.ijrsoftware.com\/wp-content\/uploads\/2022\/05\/screenshot_cpul-10-169x300.png 169w, https:\/\/www.ijrsoftware.com\/wp-content\/uploads\/2022\/05\/screenshot_cpul-10-576x1024.png 576w, https:\/\/www.ijrsoftware.com\/wp-content\/uploads\/2022\/05\/screenshot_cpul-10-768x1365.png 768w, https:\/\/www.ijrsoftware.com\/wp-content\/uploads\/2022\/05\/screenshot_cpul-10-864x1536.png 864w\" sizes=\"(max-width: 1080px) 100vw, 1080px\" \/><\/li>\n            <\/ul>\n        <\/div>\n        \n    <\/div>\n<\/div>\n<h3><span style=\"color: #009688;\">Registro de Cambios<\/span><\/h3>\n<p>Pulsa <a href=\"https:\/\/www.ijrsoftware.com\/cpu-l-changelog\/\">aqu\u00ed<\/a> para ver el registro de cambios.<\/p>\n<h3><span style=\"color: #009688;\">Descarga<\/span><\/h3>\n<p><a href=\"https:\/\/play.google.com\/store\/apps\/details?id=com.ijsoft.cpul&amp;utm_source=global_co&amp;utm_medium=prtnr&amp;utm_content=Mar2515&amp;utm_campaign=PartBadge&amp;pcampaignid=MKT-Other-global-all-co-prtnr-py-PartBadge-Mar2515-1\"><img loading=\"lazy\" class=\"\" src=\"https:\/\/play.google.com\/intl\/en_us\/badges\/images\/generic\/es_badge_web_generic.png\" alt=\"Disponible en Google Play\" width=\"236\" height=\"94\" \/><\/a><\/p>\n<h3><span style=\"color: #009688;\">Preguntas frecuentes<\/span><\/h3>\n<p><strong>\u00bfC\u00f3mo actualizo los datos de la aplicaci\u00f3n?<\/strong><\/p>\n<p>Desde la versi\u00f3n 2.0 de CPU-L los datos se actualizan v\u00eda OTA y no cada vez que se actualiza la aplicaci\u00f3n desde Google Play. Normalmente la aplicaci\u00f3n avisar\u00e1 mostrando un mensaje que hay una actualizaci\u00f3n disponible, pero tambi\u00e9n se puede forzar la comprobaci\u00f3n de actualizaciones seleccionado la opci\u00f3n \u00abComprobar Actualizaciones\u00bb en el men\u00fa principal.<\/p>\n<p>Nota: es posible que en dispositivos con pocos recursos la actualizaci\u00f3n tarde un rato en llevarse a cabo. Si por alg\u00fan motivo la actualizaci\u00f3n da error, prueba a actualizar de nuevo, en caso contrario ponte en contacto con nosotros.<\/p>\n<p><strong>\u00bfC\u00f3mo comparo varias CPUs diferentes?<\/strong><\/p>\n<ol>\n<li>Para agregar una CPU al comparador simplemente pulsa sobre el icono de la balanza:<br \/>\n<img loading=\"lazy\" class=\"alignnone wp-image-426\" src=\"https:\/\/www.ijrsoftware.com\/wp-content\/uploads\/2016\/10\/cpul_example_comparator1-1.png\" alt=\"CPU-L: Agregar CPU al Comparador\" width=\"413\" height=\"50\" srcset=\"https:\/\/www.ijrsoftware.com\/wp-content\/uploads\/2016\/10\/cpul_example_comparator1-1.png 720w, https:\/\/www.ijrsoftware.com\/wp-content\/uploads\/2016\/10\/cpul_example_comparator1-1-300x37.png 300w\" sizes=\"(max-width: 413px) 100vw, 413px\" \/><\/li>\n<li>Una vez que tengas todas las CPUs que desees comparar (m\u00e1ximo 10 CPUs) pulsa sobre el icono de la balanza que se encuentra en la parte superior de CPU-L (junto al icono se muestra el numero de CPUs agregadas):<br \/>\n<img loading=\"lazy\" class=\"alignnone wp-image-425\" src=\"https:\/\/www.ijrsoftware.com\/wp-content\/uploads\/2016\/10\/cpul_example_comparator2.png\" alt=\"CPU-L: Ver CPUs agregadas al Comparador\" width=\"413\" height=\"56\" srcset=\"https:\/\/www.ijrsoftware.com\/wp-content\/uploads\/2016\/10\/cpul_example_comparator2.png 720w, https:\/\/www.ijrsoftware.com\/wp-content\/uploads\/2016\/10\/cpul_example_comparator2-300x41.png 300w\" sizes=\"(max-width: 413px) 100vw, 413px\" \/><\/li>\n<li>Marca las CPUs que desees comparar y pulsa en \u00abComparar Seleccionados\u00bb.<\/li>\n<li>Para eliminar una CPU de la lista del comparador, simplemente pulsa en el icono de la papelera.<\/li>\n<\/ol>\n<p>Nota: En caso de seleccionar 2 CPUs se mostrar\u00e1 el comparador \u00abCPU vs CPU\u00bb. Si deseas que se muestre el comparador \u00abMulti CPUs\u00bb al seleccionar 2 CPUs, deshabilita la opci\u00f3n \u00abComparador CPU vs CPU\u00bb en Ajustes.<\/p>\n<p><strong>\u00bfC\u00f3mo agrego una CPU a favoritos?<\/strong><\/p>\n<ul>\n<li>Simplemente busca la CPU y pulsa en la estrella que se encuentra a la derecha del nombre de la misma\u00a0en la lista:<\/li>\n<\/ul>\n<p style=\"padding-left: 30px;\"><img loading=\"lazy\" class=\"alignnone wp-image-427\" src=\"https:\/\/www.ijrsoftware.com\/wp-content\/uploads\/2016\/10\/cpul_example_favorite-1.png\" alt=\"CPU-L: Agregar CPU a Favoritos\" width=\"413\" height=\"50\" srcset=\"https:\/\/www.ijrsoftware.com\/wp-content\/uploads\/2016\/10\/cpul_example_favorite-1.png 720w, https:\/\/www.ijrsoftware.com\/wp-content\/uploads\/2016\/10\/cpul_example_favorite-1-300x37.png 300w\" sizes=\"(max-width: 413px) 100vw, 413px\" \/><\/p>\n<h3><span style=\"color: #009688;\">Resoluci\u00f3n de problemas<\/span><\/h3>\n<p><strong>\u00bfCPU-L no funciona o se cierra en mi dispositivo?<\/strong><\/p>\n<ul>\n<li>Es necesario tener un dispositivo Android 6.0 o superior.<\/li>\n<li>En casos muy raros, algunas ROM personalizadas (sobretodo si no son estables) provocan\u00a0que la aplicaci\u00f3n deje de responder y se cierre.<\/li>\n<li>En cualquier otro caso, contacte con nosotros para resolver el problema.<\/li>\n<\/ul>\n<p><strong>\u00bfLa lista Top 10 Popular CPUs no se actualiza o lo hace de forma ocasional?<\/strong><\/p>\n<ul>\n<li>La lista se actualiza todos los d\u00edas de forma autom\u00e1tica y es necesario tener una conexi\u00f3n a Internet activa.<\/li>\n<li>Muchas veces las CPUs mas populares no suele variar de posici\u00f3n en la lista de un d\u00eda para otro.<\/li>\n<\/ul>\n<h3><span style=\"color: #009688;\">Traducciones<\/span><\/h3>\n<ul style=\"list-style-type: square;\">\n<li style=\"text-align: left;\">Ingl\u00e9s &#8211; iJR Software Team<\/li>\n<li style=\"text-align: left;\">Espa\u00f1ol &#8211; iJR Software Team<\/li>\n<li>Alem\u00e1n &#8211; Joshi2345<\/li>\n<li style=\"text-align: left;\">Franc\u00e9s &#8211; iJR Software Team<\/li>\n<li>Polaco &#8211;\u00a0Piotr Bade\u0142ek<\/li>\n<li style=\"text-align: left;\">Portugu\u00e9s &#8211; iJR Software Team<\/li>\n<li>Ruso &#8211; Dmitriy Royko<\/li>\n<li>Turco &#8211; Berkan Ali Sefil<\/li>\n<li>Checo &#8211; Donator_HD<\/li>\n<li>Coreano &#8211;\u00a0Juno Jung<\/li>\n<li style=\"text-align: left;\">Chino Simplificado &#8211;\u00a0Darwin Lee<\/li>\n<\/ul>\n<p style=\"text-align: left;\">Si deseas tener CPU-L en su idioma, no dudes en <a href=\"mailto:contactoijsoft@gmail.com\">contactar<\/a> con nosotros.<\/p>\n<p><\/p>","protected":false},"excerpt":{"rendered":"<p>\u00bfQuieres montar un pc y no sabes que procesador ponerle? \u00bfQuieres saber las especificaciones exactas de una CPU en concreto? Pues con CPU-L podr\u00e1s consultar las especificaciones detalladas de todas las CPUs AMD e Intel e incluso las que aun no han sido lanzadas al mercado. Adem\u00e1s podr\u00e1s comparar hasta 10 microprocesadores especificaci\u00f3n a especificaci\u00f3n &#8230; <a title=\"CPU-L\" class=\"read-more\" href=\"https:\/\/www.ijrsoftware.com\/es\/cpu-l\/\" aria-label=\"Leer m\u00e1s sobre CPU-L\">Leer m\u00e1s<\/a><\/p>\n","protected":false},"author":1,"featured_media":0,"parent":0,"menu_order":0,"comment_status":"closed","ping_status":"closed","template":"","meta":[],"yoast_head":"<!-- This site is optimized with the Yoast SEO plugin v19.13 - https:\/\/yoast.com\/wordpress\/plugins\/seo\/ -->\n<title>CPU-L - iJR Software<\/title>\n<meta name=\"robots\" content=\"index, follow, max-snippet:-1, max-image-preview:large, max-video-preview:-1\" \/>\n<link rel=\"canonical\" href=\"https:\/\/www.ijrsoftware.com\/cpu-l\/\" \/>\n<meta property=\"og:locale\" content=\"es_ES\" \/>\n<meta property=\"og:type\" content=\"article\" \/>\n<meta property=\"og:title\" content=\"CPU-L - iJR Software\" \/>\n<meta property=\"og:description\" content=\"\u00bfQuieres montar un pc y no sabes que procesador ponerle? \u00bfQuieres saber las especificaciones exactas de una CPU en concreto? Pues con CPU-L podr\u00e1s consultar las especificaciones detalladas de todas las CPUs AMD e Intel e incluso las que aun no han sido lanzadas al mercado. Adem\u00e1s podr\u00e1s comparar hasta 10 microprocesadores especificaci\u00f3n a especificaci\u00f3n ... Leer m\u00e1s\" \/>\n<meta property=\"og:url\" content=\"https:\/\/www.ijrsoftware.com\/cpu-l\/\" \/>\n<meta property=\"og:site_name\" content=\"iJR Software\" \/>\n<meta property=\"article:modified_time\" content=\"2025-04-19T19:18:55+00:00\" \/>\n<meta property=\"og:image\" content=\"https:\/\/www.ijrsoftware.com\/wp-content\/uploads\/2016\/10\/Logo512-1-150x150.png\" \/>\n<meta name=\"twitter:card\" content=\"summary_large_image\" \/>\n<meta name=\"twitter:site\" content=\"@ijrsoftware\" \/>\n<meta name=\"twitter:label1\" content=\"Tiempo de lectura\" \/>\n\t<meta name=\"twitter:data1\" content=\"4 minutos\" \/>\n<script type=\"application\/ld+json\" class=\"yoast-schema-graph\">{\"@context\":\"https:\/\/schema.org\",\"@graph\":[{\"@type\":\"WebPage\",\"@id\":\"https:\/\/www.ijrsoftware.com\/cpu-l\/\",\"url\":\"https:\/\/www.ijrsoftware.com\/cpu-l\/\",\"name\":\"CPU-L - iJR Software\",\"isPartOf\":{\"@id\":\"https:\/\/www.ijrsoftware.com\/#website\"},\"datePublished\":\"2016-10-05T00:04:12+00:00\",\"dateModified\":\"2025-04-19T19:18:55+00:00\",\"breadcrumb\":{\"@id\":\"https:\/\/www.ijrsoftware.com\/cpu-l\/#breadcrumb\"},\"inLanguage\":\"es\",\"potentialAction\":[{\"@type\":\"ReadAction\",\"target\":[\"https:\/\/www.ijrsoftware.com\/cpu-l\/\"]}]},{\"@type\":\"BreadcrumbList\",\"@id\":\"https:\/\/www.ijrsoftware.com\/cpu-l\/#breadcrumb\",\"itemListElement\":[{\"@type\":\"ListItem\",\"position\":1,\"name\":\"Home\",\"item\":\"https:\/\/www.ijrsoftware.com\/\"},{\"@type\":\"ListItem\",\"position\":2,\"name\":\"CPU-L\"}]},{\"@type\":\"WebSite\",\"@id\":\"https:\/\/www.ijrsoftware.com\/#website\",\"url\":\"https:\/\/www.ijrsoftware.com\/\",\"name\":\"iJR Software\",\"description\":\"\",\"publisher\":{\"@id\":\"https:\/\/www.ijrsoftware.com\/#organization\"},\"potentialAction\":[{\"@type\":\"SearchAction\",\"target\":{\"@type\":\"EntryPoint\",\"urlTemplate\":\"https:\/\/www.ijrsoftware.com\/?s={search_term_string}\"},\"query-input\":\"required name=search_term_string\"}],\"inLanguage\":\"es\"},{\"@type\":\"Organization\",\"@id\":\"https:\/\/www.ijrsoftware.com\/#organization\",\"name\":\"iJR Software\",\"url\":\"https:\/\/www.ijrsoftware.com\/\",\"logo\":{\"@type\":\"ImageObject\",\"inLanguage\":\"es\",\"@id\":\"https:\/\/www.ijrsoftware.com\/#\/schema\/logo\/image\/\",\"url\":\"https:\/\/www.ijrsoftware.com\/wp-content\/uploads\/2016\/11\/cropped-logo.png\",\"contentUrl\":\"https:\/\/www.ijrsoftware.com\/wp-content\/uploads\/2016\/11\/cropped-logo.png\",\"width\":280,\"height\":56,\"caption\":\"iJR Software\"},\"image\":{\"@id\":\"https:\/\/www.ijrsoftware.com\/#\/schema\/logo\/image\/\"},\"sameAs\":[\"https:\/\/twitter.com\/ijrsoftware\"]}]}<\/script>\n<!-- \/ Yoast SEO plugin. -->","yoast_head_json":{"title":"CPU-L - iJR Software","robots":{"index":"index","follow":"follow","max-snippet":"max-snippet:-1","max-image-preview":"max-image-preview:large","max-video-preview":"max-video-preview:-1"},"canonical":"https:\/\/www.ijrsoftware.com\/cpu-l\/","og_locale":"es_ES","og_type":"article","og_title":"CPU-L - iJR Software","og_description":"\u00bfQuieres montar un pc y no sabes que procesador ponerle? \u00bfQuieres saber las especificaciones exactas de una CPU en concreto? Pues con CPU-L podr\u00e1s consultar las especificaciones detalladas de todas las CPUs AMD e Intel e incluso las que aun no han sido lanzadas al mercado. Adem\u00e1s podr\u00e1s comparar hasta 10 microprocesadores especificaci\u00f3n a especificaci\u00f3n ... Leer m\u00e1s","og_url":"https:\/\/www.ijrsoftware.com\/cpu-l\/","og_site_name":"iJR Software","article_modified_time":"2025-04-19T19:18:55+00:00","og_image":[{"url":"https:\/\/www.ijrsoftware.com\/wp-content\/uploads\/2016\/10\/Logo512-1-150x150.png"}],"twitter_card":"summary_large_image","twitter_site":"@ijrsoftware","twitter_misc":{"Tiempo de lectura":"4 minutos"},"schema":{"@context":"https:\/\/schema.org","@graph":[{"@type":"WebPage","@id":"https:\/\/www.ijrsoftware.com\/cpu-l\/","url":"https:\/\/www.ijrsoftware.com\/cpu-l\/","name":"CPU-L - iJR Software","isPartOf":{"@id":"https:\/\/www.ijrsoftware.com\/#website"},"datePublished":"2016-10-05T00:04:12+00:00","dateModified":"2025-04-19T19:18:55+00:00","breadcrumb":{"@id":"https:\/\/www.ijrsoftware.com\/cpu-l\/#breadcrumb"},"inLanguage":"es","potentialAction":[{"@type":"ReadAction","target":["https:\/\/www.ijrsoftware.com\/cpu-l\/"]}]},{"@type":"BreadcrumbList","@id":"https:\/\/www.ijrsoftware.com\/cpu-l\/#breadcrumb","itemListElement":[{"@type":"ListItem","position":1,"name":"Home","item":"https:\/\/www.ijrsoftware.com\/"},{"@type":"ListItem","position":2,"name":"CPU-L"}]},{"@type":"WebSite","@id":"https:\/\/www.ijrsoftware.com\/#website","url":"https:\/\/www.ijrsoftware.com\/","name":"iJR Software","description":"","publisher":{"@id":"https:\/\/www.ijrsoftware.com\/#organization"},"potentialAction":[{"@type":"SearchAction","target":{"@type":"EntryPoint","urlTemplate":"https:\/\/www.ijrsoftware.com\/?s={search_term_string}"},"query-input":"required name=search_term_string"}],"inLanguage":"es"},{"@type":"Organization","@id":"https:\/\/www.ijrsoftware.com\/#organization","name":"iJR Software","url":"https:\/\/www.ijrsoftware.com\/","logo":{"@type":"ImageObject","inLanguage":"es","@id":"https:\/\/www.ijrsoftware.com\/#\/schema\/logo\/image\/","url":"https:\/\/www.ijrsoftware.com\/wp-content\/uploads\/2016\/11\/cropped-logo.png","contentUrl":"https:\/\/www.ijrsoftware.com\/wp-content\/uploads\/2016\/11\/cropped-logo.png","width":280,"height":56,"caption":"iJR Software"},"image":{"@id":"https:\/\/www.ijrsoftware.com\/#\/schema\/logo\/image\/"},"sameAs":["https:\/\/twitter.com\/ijrsoftware"]}]}},"_links":{"self":[{"href":"https:\/\/www.ijrsoftware.com\/es\/wp-json\/wp\/v2\/pages\/122"}],"collection":[{"href":"https:\/\/www.ijrsoftware.com\/es\/wp-json\/wp\/v2\/pages"}],"about":[{"href":"https:\/\/www.ijrsoftware.com\/es\/wp-json\/wp\/v2\/types\/page"}],"author":[{"embeddable":true,"href":"https:\/\/www.ijrsoftware.com\/es\/wp-json\/wp\/v2\/users\/1"}],"replies":[{"embeddable":true,"href":"https:\/\/www.ijrsoftware.com\/es\/wp-json\/wp\/v2\/comments?post=122"}],"version-history":[{"count":62,"href":"https:\/\/www.ijrsoftware.com\/es\/wp-json\/wp\/v2\/pages\/122\/revisions"}],"predecessor-version":[{"id":2735,"href":"https:\/\/www.ijrsoftware.com\/es\/wp-json\/wp\/v2\/pages\/122\/revisions\/2735"}],"wp:attachment":[{"href":"https:\/\/www.ijrsoftware.com\/es\/wp-json\/wp\/v2\/media?parent=122"}],"curies":[{"name":"wp","href":"https:\/\/api.w.org\/{rel}","templated":true}]}}