{"id":302,"date":"2016-12-14T17:53:24","date_gmt":"2016-12-14T16:53:24","guid":{"rendered":"https:\/\/www.ijrsoftware.com\/?page_id=302"},"modified":"2017-02-04T01:33:47","modified_gmt":"2017-02-04T00:33:47","slug":"donate","status":"publish","type":"page","link":"https:\/\/www.ijrsoftware.com\/es\/donate\/","title":{"rendered":"Donar"},"content":{"rendered":"<p><img loading=\"lazy\" class=\"wp-image-305 size-full aligncenter\" src=\"https:\/\/www.ijrsoftware.com\/wp-content\/uploads\/2016\/12\/ijrsoft_logo_ext.png\" alt=\"Logo iJR Software\" width=\"400\" height=\"100\" srcset=\"https:\/\/www.ijrsoftware.com\/wp-content\/uploads\/2016\/12\/ijrsoft_logo_ext.png 400w, https:\/\/www.ijrsoftware.com\/wp-content\/uploads\/2016\/12\/ijrsoft_logo_ext-300x75.png 300w\" sizes=\"(max-width: 400px) 100vw, 400px\" \/><\/p>\n<p>Hola, soy Jorge Alvarado, desarrollador de aplicaciones android y creador de iJR Software.<\/p>\n<p>&nbsp;<\/p>\n<p>Si te gustan mis aplicaciones y disfrutas us\u00e1ndolas, puedes realizar una aportaci\u00f3n sin importar la cantidad para ayudarme a seguir haciendo aplicaciones funcionales y \u00fatiles.<\/p>\n<p>Las personas que realicen una donaci\u00f3n, podr\u00e1n aparecer en la secci\u00f3n \u00abAgradecimientos\u00bb de esta web.<\/p>\n<p>Para realizar ahora una\u00a0donaci\u00f3n, simplemente pulsa en el siguiente bot\u00f3n:<\/p>\n<form action=\"https:\/\/www.paypal.com\/cgi-bin\/webscr\" method=\"post\" target=\"_top\"><input name=\"cmd\" type=\"hidden\" value=\"_s-xclick\" \/><br \/>\n<input name=\"hosted_button_id\" type=\"hidden\" value=\"97LKCHQYRNLR8\" \/><br \/>\n<input alt=\"PayPal \u2013 The safer, easier way to pay online!\" name=\"submit\" src=\"https:\/\/www.paypalobjects.com\/en_US\/GB\/i\/btn\/btn_donateCC_LG.gif\" type=\"image\" \/><br \/>\n<img loading=\"lazy\" src=\"https:\/\/www.paypalobjects.com\/es_ES\/i\/scr\/pixel.gif\" alt=\"\" width=\"1\" height=\"1\" border=\"0\" \/><\/form>\n<p><\/p>","protected":false},"excerpt":{"rendered":"<p>Hola, soy Jorge Alvarado, desarrollador de aplicaciones android y creador de iJR Software. &nbsp; Si te gustan mis aplicaciones y disfrutas us\u00e1ndolas, puedes realizar una aportaci\u00f3n sin importar la cantidad para ayudarme a seguir haciendo aplicaciones funcionales y \u00fatiles. Las personas que realicen una donaci\u00f3n, podr\u00e1n aparecer en la secci\u00f3n \u00abAgradecimientos\u00bb de esta web. Para &#8230; <a title=\"Donar\" class=\"read-more\" href=\"https:\/\/www.ijrsoftware.com\/es\/donate\/\" aria-label=\"Leer m\u00e1s sobre Donar\">Leer m\u00e1s<\/a><\/p>\n","protected":false},"author":1,"featured_media":0,"parent":0,"menu_order":0,"comment_status":"closed","ping_status":"closed","template":"","meta":[],"yoast_head":"<!-- This site is optimized with the Yoast SEO plugin v19.13 - https:\/\/yoast.com\/wordpress\/plugins\/seo\/ -->\n<title>Donar - iJR Software<\/title>\n<meta name=\"robots\" content=\"index, follow, max-snippet:-1, max-image-preview:large, max-video-preview:-1\" \/>\n<link rel=\"canonical\" href=\"https:\/\/www.ijrsoftware.com\/donate\/\" \/>\n<meta property=\"og:locale\" content=\"es_ES\" \/>\n<meta property=\"og:type\" content=\"article\" \/>\n<meta property=\"og:title\" content=\"Donar - iJR Software\" \/>\n<meta property=\"og:description\" content=\"Hola, soy Jorge Alvarado, desarrollador de aplicaciones android y creador de iJR Software. &nbsp; Si te gustan mis aplicaciones y disfrutas us\u00e1ndolas, puedes realizar una aportaci\u00f3n sin importar la cantidad para ayudarme a seguir haciendo aplicaciones funcionales y \u00fatiles. Las personas que realicen una donaci\u00f3n, podr\u00e1n aparecer en la secci\u00f3n \u00abAgradecimientos\u00bb de esta web. Para ... Leer m\u00e1s\" \/>\n<meta property=\"og:url\" content=\"https:\/\/www.ijrsoftware.com\/donate\/\" \/>\n<meta property=\"og:site_name\" content=\"iJR Software\" \/>\n<meta property=\"article:modified_time\" content=\"2017-02-04T00:33:47+00:00\" \/>\n<meta property=\"og:image\" content=\"https:\/\/www.ijrsoftware.com\/wp-content\/uploads\/2016\/12\/ijrsoft_logo_ext.png\" \/>\n<meta name=\"twitter:card\" content=\"summary_large_image\" \/>\n<meta name=\"twitter:site\" content=\"@ijrsoftware\" \/>\n<meta name=\"twitter:label1\" content=\"Tiempo de lectura\" \/>\n\t<meta name=\"twitter:data1\" content=\"1 minuto\" \/>\n<script type=\"application\/ld+json\" class=\"yoast-schema-graph\">{\"@context\":\"https:\/\/schema.org\",\"@graph\":[{\"@type\":\"WebPage\",\"@id\":\"https:\/\/www.ijrsoftware.com\/donate\/\",\"url\":\"https:\/\/www.ijrsoftware.com\/donate\/\",\"name\":\"Donar - iJR Software\",\"isPartOf\":{\"@id\":\"https:\/\/www.ijrsoftware.com\/#website\"},\"datePublished\":\"2016-12-14T16:53:24+00:00\",\"dateModified\":\"2017-02-04T00:33:47+00:00\",\"breadcrumb\":{\"@id\":\"https:\/\/www.ijrsoftware.com\/donate\/#breadcrumb\"},\"inLanguage\":\"es\",\"potentialAction\":[{\"@type\":\"ReadAction\",\"target\":[\"https:\/\/www.ijrsoftware.com\/donate\/\"]}]},{\"@type\":\"BreadcrumbList\",\"@id\":\"https:\/\/www.ijrsoftware.com\/donate\/#breadcrumb\",\"itemListElement\":[{\"@type\":\"ListItem\",\"position\":1,\"name\":\"Home\",\"item\":\"https:\/\/www.ijrsoftware.com\/\"},{\"@type\":\"ListItem\",\"position\":2,\"name\":\"Donate\"}]},{\"@type\":\"WebSite\",\"@id\":\"https:\/\/www.ijrsoftware.com\/#website\",\"url\":\"https:\/\/www.ijrsoftware.com\/\",\"name\":\"iJR Software\",\"description\":\"\",\"publisher\":{\"@id\":\"https:\/\/www.ijrsoftware.com\/#organization\"},\"potentialAction\":[{\"@type\":\"SearchAction\",\"target\":{\"@type\":\"EntryPoint\",\"urlTemplate\":\"https:\/\/www.ijrsoftware.com\/?s={search_term_string}\"},\"query-input\":\"required name=search_term_string\"}],\"inLanguage\":\"es\"},{\"@type\":\"Organization\",\"@id\":\"https:\/\/www.ijrsoftware.com\/#organization\",\"name\":\"iJR Software\",\"url\":\"https:\/\/www.ijrsoftware.com\/\",\"logo\":{\"@type\":\"ImageObject\",\"inLanguage\":\"es\",\"@id\":\"https:\/\/www.ijrsoftware.com\/#\/schema\/logo\/image\/\",\"url\":\"https:\/\/www.ijrsoftware.com\/wp-content\/uploads\/2016\/11\/cropped-logo.png\",\"contentUrl\":\"https:\/\/www.ijrsoftware.com\/wp-content\/uploads\/2016\/11\/cropped-logo.png\",\"width\":280,\"height\":56,\"caption\":\"iJR Software\"},\"image\":{\"@id\":\"https:\/\/www.ijrsoftware.com\/#\/schema\/logo\/image\/\"},\"sameAs\":[\"https:\/\/twitter.com\/ijrsoftware\"]}]}<\/script>\n<!-- \/ Yoast SEO plugin. -->","yoast_head_json":{"title":"Donar - iJR Software","robots":{"index":"index","follow":"follow","max-snippet":"max-snippet:-1","max-image-preview":"max-image-preview:large","max-video-preview":"max-video-preview:-1"},"canonical":"https:\/\/www.ijrsoftware.com\/donate\/","og_locale":"es_ES","og_type":"article","og_title":"Donar - iJR Software","og_description":"Hola, soy Jorge Alvarado, desarrollador de aplicaciones android y creador de iJR Software. &nbsp; Si te gustan mis aplicaciones y disfrutas us\u00e1ndolas, puedes realizar una aportaci\u00f3n sin importar la cantidad para ayudarme a seguir haciendo aplicaciones funcionales y \u00fatiles. Las personas que realicen una donaci\u00f3n, podr\u00e1n aparecer en la secci\u00f3n \u00abAgradecimientos\u00bb de esta web. Para ... Leer m\u00e1s","og_url":"https:\/\/www.ijrsoftware.com\/donate\/","og_site_name":"iJR Software","article_modified_time":"2017-02-04T00:33:47+00:00","og_image":[{"url":"https:\/\/www.ijrsoftware.com\/wp-content\/uploads\/2016\/12\/ijrsoft_logo_ext.png"}],"twitter_card":"summary_large_image","twitter_site":"@ijrsoftware","twitter_misc":{"Tiempo de lectura":"1 minuto"},"schema":{"@context":"https:\/\/schema.org","@graph":[{"@type":"WebPage","@id":"https:\/\/www.ijrsoftware.com\/donate\/","url":"https:\/\/www.ijrsoftware.com\/donate\/","name":"Donar - iJR Software","isPartOf":{"@id":"https:\/\/www.ijrsoftware.com\/#website"},"datePublished":"2016-12-14T16:53:24+00:00","dateModified":"2017-02-04T00:33:47+00:00","breadcrumb":{"@id":"https:\/\/www.ijrsoftware.com\/donate\/#breadcrumb"},"inLanguage":"es","potentialAction":[{"@type":"ReadAction","target":["https:\/\/www.ijrsoftware.com\/donate\/"]}]},{"@type":"BreadcrumbList","@id":"https:\/\/www.ijrsoftware.com\/donate\/#breadcrumb","itemListElement":[{"@type":"ListItem","position":1,"name":"Home","item":"https:\/\/www.ijrsoftware.com\/"},{"@type":"ListItem","position":2,"name":"Donate"}]},{"@type":"WebSite","@id":"https:\/\/www.ijrsoftware.com\/#website","url":"https:\/\/www.ijrsoftware.com\/","name":"iJR Software","description":"","publisher":{"@id":"https:\/\/www.ijrsoftware.com\/#organization"},"potentialAction":[{"@type":"SearchAction","target":{"@type":"EntryPoint","urlTemplate":"https:\/\/www.ijrsoftware.com\/?s={search_term_string}"},"query-input":"required name=search_term_string"}],"inLanguage":"es"},{"@type":"Organization","@id":"https:\/\/www.ijrsoftware.com\/#organization","name":"iJR Software","url":"https:\/\/www.ijrsoftware.com\/","logo":{"@type":"ImageObject","inLanguage":"es","@id":"https:\/\/www.ijrsoftware.com\/#\/schema\/logo\/image\/","url":"https:\/\/www.ijrsoftware.com\/wp-content\/uploads\/2016\/11\/cropped-logo.png","contentUrl":"https:\/\/www.ijrsoftware.com\/wp-content\/uploads\/2016\/11\/cropped-logo.png","width":280,"height":56,"caption":"iJR Software"},"image":{"@id":"https:\/\/www.ijrsoftware.com\/#\/schema\/logo\/image\/"},"sameAs":["https:\/\/twitter.com\/ijrsoftware"]}]}},"_links":{"self":[{"href":"https:\/\/www.ijrsoftware.com\/es\/wp-json\/wp\/v2\/pages\/302"}],"collection":[{"href":"https:\/\/www.ijrsoftware.com\/es\/wp-json\/wp\/v2\/pages"}],"about":[{"href":"https:\/\/www.ijrsoftware.com\/es\/wp-json\/wp\/v2\/types\/page"}],"author":[{"embeddable":true,"href":"https:\/\/www.ijrsoftware.com\/es\/wp-json\/wp\/v2\/users\/1"}],"replies":[{"embeddable":true,"href":"https:\/\/www.ijrsoftware.com\/es\/wp-json\/wp\/v2\/comments?post=302"}],"version-history":[{"count":12,"href":"https:\/\/www.ijrsoftware.com\/es\/wp-json\/wp\/v2\/pages\/302\/revisions"}],"predecessor-version":[{"id":353,"href":"https:\/\/www.ijrsoftware.com\/es\/wp-json\/wp\/v2\/pages\/302\/revisions\/353"}],"wp:attachment":[{"href":"https:\/\/www.ijrsoftware.com\/es\/wp-json\/wp\/v2\/media?parent=302"}],"curies":[{"name":"wp","href":"https:\/\/api.w.org\/{rel}","templated":true}]}}