{"id":331,"date":"2017-02-04T00:55:19","date_gmt":"2017-02-03T23:55:19","guid":{"rendered":"http:\/\/www.ijrsoftware.com\/?page_id=331"},"modified":"2025-04-19T21:17:56","modified_gmt":"2025-04-19T19:17:56","slug":"soc-l","status":"publish","type":"page","link":"https:\/\/www.ijrsoftware.com\/es\/soc-l\/","title":{"rendered":"SoC-L"},"content":{"rendered":"<p><img loading=\"lazy\" class=\"alignnone wp-image-333\" src=\"https:\/\/www.ijrsoftware.com\/wp-content\/uploads\/2017\/02\/Logo512-150x150.png\" width=\"100\" height=\"100\" srcset=\"https:\/\/www.ijrsoftware.com\/wp-content\/uploads\/2017\/02\/Logo512-150x150.png 150w, https:\/\/www.ijrsoftware.com\/wp-content\/uploads\/2017\/02\/Logo512-300x300.png 300w, https:\/\/www.ijrsoftware.com\/wp-content\/uploads\/2017\/02\/Logo512.png 512w\" sizes=\"(max-width: 100px) 100vw, 100px\" \/><\/p>\n<p>Con esta aplicaci\u00f3n podr\u00e1 consultar las especificaciones de los SoCs pertenecientes a los principales fabricantes: Allwinner, Amlogic, Apple, Broadcom, Cavium, Freescale, HiSilicon, Intel, Leadcore, MediaTek, Nvidia, Qualcomm, Rockchip, Samsung, Spreadtrum, ST-Ericsson, Texas Instruments y Xiaomi.<\/p>\n<p><strong>PRINCIPALES CARACTER\u00cdSTICAS:<\/strong><\/p>\n<p>\u2022\u00a0M\u00e1s de 700 SoCs con todas las especificaciones.<br \/>\n\u2022\u00a0Fotos de SoCs<br \/>\n\u2022\u00a0Funci\u00f3n \u00abFavoritos\u00bb: \u00a1a\u00f1ade tus SoCs favoritos en un solo lugar!.<br \/>\n\u2022\u00a0Base de datos actualizable<br \/>\n\u2022\u00a0Comparador de SoCs. Compara hasta 10 SoCs!<br \/>\n\u2022\u00a0Funcionamiento sin conexi\u00f3n, no es necesario tener conexi\u00f3n a Internet activa (Algunas funciones necesitan una conexi\u00f3n a Internet).<\/p>\n<h3><span style=\"color: #673ab7;\">Capturas de Pantalla<\/span><\/h3>\n<div id=\"metaslider-id-335\" style=\"width: 100%; margin: 0 auto;\" class=\"ml-slider-3-101-0 metaslider metaslider-flex metaslider-335 ml-slider has-dots-nav has-carousel-mode ms-theme-default\" role=\"region\" aria-label=\"SOCL\" data-height=\"480\" data-width=\"240\">\n    <div id=\"metaslider_container_335\">\n        <div id=\"metaslider_335\">\n            <ul class='slides'>\n                <li style=\"display: none; width: 100%;\" class=\"slide-2647 ms-image \" aria-roledescription=\"slide\" data-date=\"2022-05-15 23:36:11\"><img width=\"1080\" height=\"1920\" src=\"https:\/\/www.ijrsoftware.com\/wp-content\/uploads\/2022\/05\/Screenshot-SoCL-1.png\" class=\"slider-335 slide-2647 msDefaultImage\" alt=\"\" loading=\"lazy\" rel=\"\" title=\"Screenshot SoC-L (1)\" srcset=\"https:\/\/www.ijrsoftware.com\/wp-content\/uploads\/2022\/05\/Screenshot-SoCL-1.png 1080w, https:\/\/www.ijrsoftware.com\/wp-content\/uploads\/2022\/05\/Screenshot-SoCL-1-169x300.png 169w, https:\/\/www.ijrsoftware.com\/wp-content\/uploads\/2022\/05\/Screenshot-SoCL-1-576x1024.png 576w, https:\/\/www.ijrsoftware.com\/wp-content\/uploads\/2022\/05\/Screenshot-SoCL-1-768x1365.png 768w, https:\/\/www.ijrsoftware.com\/wp-content\/uploads\/2022\/05\/Screenshot-SoCL-1-864x1536.png 864w\" sizes=\"(max-width: 1080px) 100vw, 1080px\" \/><\/li>\n                <li style=\"display: none; width: 100%;\" class=\"slide-2648 ms-image \" aria-roledescription=\"slide\" data-date=\"2022-05-15 23:36:16\"><img width=\"1080\" height=\"1920\" src=\"https:\/\/www.ijrsoftware.com\/wp-content\/uploads\/2022\/05\/Screenshot-SoCL-2.png\" class=\"slider-335 slide-2648 msDefaultImage\" alt=\"\" loading=\"lazy\" rel=\"\" title=\"Screenshot SoC-L (2)\" srcset=\"https:\/\/www.ijrsoftware.com\/wp-content\/uploads\/2022\/05\/Screenshot-SoCL-2.png 1080w, https:\/\/www.ijrsoftware.com\/wp-content\/uploads\/2022\/05\/Screenshot-SoCL-2-169x300.png 169w, https:\/\/www.ijrsoftware.com\/wp-content\/uploads\/2022\/05\/Screenshot-SoCL-2-576x1024.png 576w, https:\/\/www.ijrsoftware.com\/wp-content\/uploads\/2022\/05\/Screenshot-SoCL-2-768x1365.png 768w, https:\/\/www.ijrsoftware.com\/wp-content\/uploads\/2022\/05\/Screenshot-SoCL-2-864x1536.png 864w\" sizes=\"(max-width: 1080px) 100vw, 1080px\" \/><\/li>\n                <li style=\"display: none; width: 100%;\" class=\"slide-2649 ms-image \" aria-roledescription=\"slide\" data-date=\"2022-05-15 23:36:22\"><img width=\"1080\" height=\"1920\" src=\"https:\/\/www.ijrsoftware.com\/wp-content\/uploads\/2022\/05\/Screenshot-SoCL-3.png\" class=\"slider-335 slide-2649 msDefaultImage\" alt=\"\" loading=\"lazy\" rel=\"\" title=\"Screenshot SoC-L (3)\" srcset=\"https:\/\/www.ijrsoftware.com\/wp-content\/uploads\/2022\/05\/Screenshot-SoCL-3.png 1080w, https:\/\/www.ijrsoftware.com\/wp-content\/uploads\/2022\/05\/Screenshot-SoCL-3-169x300.png 169w, https:\/\/www.ijrsoftware.com\/wp-content\/uploads\/2022\/05\/Screenshot-SoCL-3-576x1024.png 576w, https:\/\/www.ijrsoftware.com\/wp-content\/uploads\/2022\/05\/Screenshot-SoCL-3-768x1365.png 768w, https:\/\/www.ijrsoftware.com\/wp-content\/uploads\/2022\/05\/Screenshot-SoCL-3-864x1536.png 864w\" sizes=\"(max-width: 1080px) 100vw, 1080px\" \/><\/li>\n                <li style=\"display: none; width: 100%;\" class=\"slide-2650 ms-image \" aria-roledescription=\"slide\" data-date=\"2022-05-15 23:36:26\"><img width=\"1080\" height=\"1920\" src=\"https:\/\/www.ijrsoftware.com\/wp-content\/uploads\/2022\/05\/Screenshot-SoCL-4.png\" class=\"slider-335 slide-2650 msDefaultImage\" alt=\"\" loading=\"lazy\" rel=\"\" title=\"Screenshot SoC-L (4)\" srcset=\"https:\/\/www.ijrsoftware.com\/wp-content\/uploads\/2022\/05\/Screenshot-SoCL-4.png 1080w, https:\/\/www.ijrsoftware.com\/wp-content\/uploads\/2022\/05\/Screenshot-SoCL-4-169x300.png 169w, https:\/\/www.ijrsoftware.com\/wp-content\/uploads\/2022\/05\/Screenshot-SoCL-4-576x1024.png 576w, https:\/\/www.ijrsoftware.com\/wp-content\/uploads\/2022\/05\/Screenshot-SoCL-4-768x1365.png 768w, https:\/\/www.ijrsoftware.com\/wp-content\/uploads\/2022\/05\/Screenshot-SoCL-4-864x1536.png 864w\" sizes=\"(max-width: 1080px) 100vw, 1080px\" \/><\/li>\n                <li style=\"display: none; width: 100%;\" class=\"slide-2651 ms-image \" aria-roledescription=\"slide\" data-date=\"2022-05-15 23:36:30\"><img width=\"1080\" height=\"1920\" src=\"https:\/\/www.ijrsoftware.com\/wp-content\/uploads\/2022\/05\/Screenshot-SoCL-5.png\" class=\"slider-335 slide-2651 msDefaultImage\" alt=\"\" loading=\"lazy\" rel=\"\" title=\"Screenshot SoC-L (5)\" srcset=\"https:\/\/www.ijrsoftware.com\/wp-content\/uploads\/2022\/05\/Screenshot-SoCL-5.png 1080w, https:\/\/www.ijrsoftware.com\/wp-content\/uploads\/2022\/05\/Screenshot-SoCL-5-169x300.png 169w, https:\/\/www.ijrsoftware.com\/wp-content\/uploads\/2022\/05\/Screenshot-SoCL-5-576x1024.png 576w, https:\/\/www.ijrsoftware.com\/wp-content\/uploads\/2022\/05\/Screenshot-SoCL-5-768x1365.png 768w, https:\/\/www.ijrsoftware.com\/wp-content\/uploads\/2022\/05\/Screenshot-SoCL-5-864x1536.png 864w\" sizes=\"(max-width: 1080px) 100vw, 1080px\" \/><\/li>\n                <li style=\"display: none; width: 100%;\" class=\"slide-2652 ms-image \" aria-roledescription=\"slide\" data-date=\"2022-05-15 23:36:35\"><img width=\"1080\" height=\"1920\" src=\"https:\/\/www.ijrsoftware.com\/wp-content\/uploads\/2022\/05\/Screenshot-SoCL-6.png\" class=\"slider-335 slide-2652 msDefaultImage\" alt=\"\" loading=\"lazy\" rel=\"\" title=\"Screenshot SoC-L (6)\" srcset=\"https:\/\/www.ijrsoftware.com\/wp-content\/uploads\/2022\/05\/Screenshot-SoCL-6.png 1080w, https:\/\/www.ijrsoftware.com\/wp-content\/uploads\/2022\/05\/Screenshot-SoCL-6-169x300.png 169w, https:\/\/www.ijrsoftware.com\/wp-content\/uploads\/2022\/05\/Screenshot-SoCL-6-576x1024.png 576w, https:\/\/www.ijrsoftware.com\/wp-content\/uploads\/2022\/05\/Screenshot-SoCL-6-768x1365.png 768w, https:\/\/www.ijrsoftware.com\/wp-content\/uploads\/2022\/05\/Screenshot-SoCL-6-864x1536.png 864w\" sizes=\"(max-width: 1080px) 100vw, 1080px\" \/><\/li>\n                <li style=\"display: none; width: 100%;\" class=\"slide-2653 ms-image \" aria-roledescription=\"slide\" data-date=\"2022-05-15 23:36:40\"><img width=\"1080\" height=\"1920\" src=\"https:\/\/www.ijrsoftware.com\/wp-content\/uploads\/2022\/05\/Screenshot-SoCL-7.png\" class=\"slider-335 slide-2653 msDefaultImage\" alt=\"\" loading=\"lazy\" rel=\"\" title=\"Screenshot SoC-L (7)\" srcset=\"https:\/\/www.ijrsoftware.com\/wp-content\/uploads\/2022\/05\/Screenshot-SoCL-7.png 1080w, https:\/\/www.ijrsoftware.com\/wp-content\/uploads\/2022\/05\/Screenshot-SoCL-7-169x300.png 169w, https:\/\/www.ijrsoftware.com\/wp-content\/uploads\/2022\/05\/Screenshot-SoCL-7-576x1024.png 576w, https:\/\/www.ijrsoftware.com\/wp-content\/uploads\/2022\/05\/Screenshot-SoCL-7-768x1365.png 768w, https:\/\/www.ijrsoftware.com\/wp-content\/uploads\/2022\/05\/Screenshot-SoCL-7-864x1536.png 864w\" sizes=\"(max-width: 1080px) 100vw, 1080px\" \/><\/li>\n                <li style=\"display: none; width: 100%;\" class=\"slide-2654 ms-image \" aria-roledescription=\"slide\" data-date=\"2022-05-15 23:36:44\"><img width=\"1080\" height=\"1920\" src=\"https:\/\/www.ijrsoftware.com\/wp-content\/uploads\/2022\/05\/Screenshot-SoCL-8.png\" class=\"slider-335 slide-2654 msDefaultImage\" alt=\"\" loading=\"lazy\" rel=\"\" title=\"Screenshot SoC-L (8)\" srcset=\"https:\/\/www.ijrsoftware.com\/wp-content\/uploads\/2022\/05\/Screenshot-SoCL-8.png 1080w, https:\/\/www.ijrsoftware.com\/wp-content\/uploads\/2022\/05\/Screenshot-SoCL-8-169x300.png 169w, https:\/\/www.ijrsoftware.com\/wp-content\/uploads\/2022\/05\/Screenshot-SoCL-8-576x1024.png 576w, https:\/\/www.ijrsoftware.com\/wp-content\/uploads\/2022\/05\/Screenshot-SoCL-8-768x1365.png 768w, https:\/\/www.ijrsoftware.com\/wp-content\/uploads\/2022\/05\/Screenshot-SoCL-8-864x1536.png 864w\" sizes=\"(max-width: 1080px) 100vw, 1080px\" \/><\/li>\n            <\/ul>\n        <\/div>\n        \n    <\/div>\n<\/div>\n<h3><span style=\"color: #673ab7;\">Registro de Cambios<\/span><\/h3>\n<p>Pulsa <a href=\"https:\/\/www.ijrsoftware.com\/soc-l-changelog\/\">aqu\u00ed<\/a> para ver el registro de cambios.<\/p>\n<h3><span style=\"color: #673ab7;\">Descarga<\/span><\/h3>\n<p><a href=\"https:\/\/play.google.com\/store\/apps\/details?id=com.ijsoft.socl&amp;utm_source=global_co&amp;utm_medium=prtnr&amp;utm_content=Mar2515&amp;utm_campaign=PartBadge&amp;pcampaignid=MKT-Other-global-all-co-prtnr-py-PartBadge-Mar2515-1\"><img loading=\"lazy\" class=\"\" src=\"https:\/\/play.google.com\/intl\/en_us\/badges\/images\/generic\/es_badge_web_generic.png\" alt=\"Disponible en Google Play\" width=\"236\" height=\"94\" \/><\/a><\/p>\n<h3><span style=\"color: #673ab7;\">Preguntas frecuentes<\/span><\/h3>\n<p><strong>\u00bfC\u00f3mo actualizo los datos de la aplicaci\u00f3n?<\/strong><\/p>\n<p>Desde la versi\u00f3n 2.0 de SoC-L los datos se actualizan v\u00eda OTA y no cada vez que se actualiza la aplicaci\u00f3n desde Google Play. Normalmente la aplicaci\u00f3n avisar\u00e1 mostrando un mensaje que hay una actualizaci\u00f3n disponible, pero tambi\u00e9n se puede forzar la comprobaci\u00f3n de actualizaciones seleccionado la opci\u00f3n \u00abComprobar Actualizaciones\u00bb en el men\u00fa principal.<\/p>\n<p>Nota: es posible que en dispositivos con pocos recursos la actualizaci\u00f3n tarde un rato en llevarse a cabo. Si por alg\u00fan motivo la actualizaci\u00f3n da error, prueba a actualizar de nuevo, en caso contrario ponte en contacto con nosotros.<\/p>\n<p><strong>\u00bfC\u00f3mo comparo 2 SoCs diferentes?<\/strong><\/p>\n<ol>\n<li>Para agregar un SoC al comparador simplemente pulsa sobre el icono de la balanza:<br \/>\n<img loading=\"lazy\" class=\"alignnone wp-image-535\" src=\"https:\/\/www.ijrsoftware.com\/wp-content\/uploads\/2017\/02\/socl_example_comparator1.png\" alt=\"SoC-L: Agregar SoC al Comparador\" width=\"413\" height=\"51\" srcset=\"https:\/\/www.ijrsoftware.com\/wp-content\/uploads\/2017\/02\/socl_example_comparator1.png 719w, https:\/\/www.ijrsoftware.com\/wp-content\/uploads\/2017\/02\/socl_example_comparator1-300x37.png 300w\" sizes=\"(max-width: 413px) 100vw, 413px\" \/><\/li>\n<li>Una vez que tengas todas los SoCs que desees comparar (m\u00e1ximo 10 SoCs) pulsa sobre el icono de la balanza que se encuentra en la parte superior de SoC-L (junto al icono se muestra el numero de SoCs agregados):<br \/>\n<img loading=\"lazy\" class=\"alignnone wp-image-536\" src=\"https:\/\/www.ijrsoftware.com\/wp-content\/uploads\/2017\/02\/socl_example_comparator2.png\" alt=\"SoC-L: Ver SoCs agregados al Comparador\" width=\"413\" height=\"56\" srcset=\"https:\/\/www.ijrsoftware.com\/wp-content\/uploads\/2017\/02\/socl_example_comparator2.png 719w, https:\/\/www.ijrsoftware.com\/wp-content\/uploads\/2017\/02\/socl_example_comparator2-300x40.png 300w\" sizes=\"(max-width: 413px) 100vw, 413px\" \/><\/li>\n<li>Marca los SoCs que desees comparar y pulsa en \u00abComparar Seleccionados\u00bb.<\/li>\n<li>Para eliminar un SoC de la lista del comparador, simplemente pulsa en el icono de la papelera.<\/li>\n<\/ol>\n<p>Nota: En caso de seleccionar 2 SoCs se mostrar\u00e1 el comparador \u00abSoC vs SoC\u00bb. Si deseas que se muestre el comparador \u00abMulti SoCs\u00bb al seleccionar 2 SoCs, deshabilita la opci\u00f3n \u00abComparador SoC vs SoC\u00bb en Ajustes.<\/p>\n<p><span style=\"color: #673ab7;\"><strong>\u00bfC\u00f3mo agrego un SoC a favoritos?<\/strong><\/span><\/p>\n<ul>\n<li>Simplemente busca el SoC y pulsa en la estrella que se encuentra a la derecha del nombre del mismo en la lista:<\/li>\n<\/ul>\n<p style=\"padding-left: 30px;\"><img loading=\"lazy\" class=\"alignnone wp-image-293\" src=\"https:\/\/www.ijrsoftware.com\/wp-content\/uploads\/2017\/02\/socl_example_favorite-1.png\" alt=\"SoC-L: Agregar SoC a Favoritos\" width=\"410\" height=\"56\" \/><\/p>\n<h3><span style=\"color: #673ab7;\">Resoluci\u00f3n de problemas<\/span><\/h3>\n<p><strong>\u00bfSoC-L no funciona o se cierra en mi dispositivo?<\/strong><\/p>\n<ul>\n<li>Es necesario tener un dispositivo Android 6.0 o superior.<\/li>\n<li>En casos muy raros, algunas ROM personalizadas (sobretodo si no son estables) provocan\u00a0que la aplicaci\u00f3n deje de responder y se cierre.<\/li>\n<li>En cualquier otro caso, contacte con nosotros para resolver el problema.<\/li>\n<\/ul>\n<p><strong>\u00bfLa lista Top 10 Popular SoCs no se actualiza o lo hace de forma ocasional?<\/strong><\/p>\n<ul>\n<li>La lista se actualiza todos los d\u00edas de forma autom\u00e1tica y es necesario tener una conexi\u00f3n a Internet activa.<\/li>\n<li>Muchas veces los SoCs mas populares no suele variar de posici\u00f3n en la lista de un d\u00eda para otro.<\/li>\n<\/ul>\n<h3><span style=\"color: #673ab7;\">Traducciones<\/span><\/h3>\n<ul style=\"list-style-type: square;\">\n<li style=\"text-align: left;\">Ingl\u00e9s &#8211; iJR Software Team<\/li>\n<li style=\"text-align: left;\">Espa\u00f1ol &#8211; iJR Software Team<\/li>\n<li style=\"text-align: left;\">Franc\u00e9s &#8211; iJR Software Team<\/li>\n<li style=\"text-align: left;\">Portugu\u00e9s &#8211; iJR Software Team<\/li>\n<li>Ruso &#8211; Dmitriy Royko<\/li>\n<li>Checo &#8211;\u00a0Donator_HD<\/li>\n<li style=\"text-align: left;\">Chino Simplificado &#8211;\u00a0Darwin Lee<\/li>\n<\/ul>\n<p style=\"text-align: left;\">Si deseas tener SoC-L en su idioma, no dudes en <a href=\"mailto:contactoijsoft@gmail.com\">contactar<\/a> con nosotros.<\/p>\n<p><\/p>","protected":false},"excerpt":{"rendered":"<p>Con esta aplicaci\u00f3n podr\u00e1 consultar las especificaciones de los SoCs pertenecientes a los principales fabricantes: Allwinner, Amlogic, Apple, Broadcom, Cavium, Freescale, HiSilicon, Intel, Leadcore, MediaTek, Nvidia, Qualcomm, Rockchip, Samsung, Spreadtrum, ST-Ericsson, Texas Instruments y Xiaomi. PRINCIPALES CARACTER\u00cdSTICAS: \u2022\u00a0M\u00e1s de 700 SoCs con todas las especificaciones. \u2022\u00a0Fotos de SoCs \u2022\u00a0Funci\u00f3n \u00abFavoritos\u00bb: \u00a1a\u00f1ade tus SoCs favoritos en &#8230; <a title=\"SoC-L\" class=\"read-more\" href=\"https:\/\/www.ijrsoftware.com\/es\/soc-l\/\" aria-label=\"Leer m\u00e1s sobre SoC-L\">Leer m\u00e1s<\/a><\/p>\n","protected":false},"author":1,"featured_media":0,"parent":0,"menu_order":0,"comment_status":"closed","ping_status":"closed","template":"","meta":[],"yoast_head":"<!-- This site is optimized with the Yoast SEO plugin v19.13 - https:\/\/yoast.com\/wordpress\/plugins\/seo\/ -->\n<title>SoC-L - iJR Software<\/title>\n<meta name=\"robots\" content=\"index, follow, max-snippet:-1, max-image-preview:large, max-video-preview:-1\" \/>\n<link rel=\"canonical\" href=\"https:\/\/www.ijrsoftware.com\/soc-l\/\" \/>\n<meta property=\"og:locale\" content=\"es_ES\" \/>\n<meta property=\"og:type\" content=\"article\" \/>\n<meta property=\"og:title\" content=\"SoC-L - iJR Software\" \/>\n<meta property=\"og:description\" content=\"Con esta aplicaci\u00f3n podr\u00e1 consultar las especificaciones de los SoCs pertenecientes a los principales fabricantes: Allwinner, Amlogic, Apple, Broadcom, Cavium, Freescale, HiSilicon, Intel, Leadcore, MediaTek, Nvidia, Qualcomm, Rockchip, Samsung, Spreadtrum, ST-Ericsson, Texas Instruments y Xiaomi. PRINCIPALES CARACTER\u00cdSTICAS: \u2022\u00a0M\u00e1s de 700 SoCs con todas las especificaciones. \u2022\u00a0Fotos de SoCs \u2022\u00a0Funci\u00f3n \u00abFavoritos\u00bb: \u00a1a\u00f1ade tus SoCs favoritos en ... Leer m\u00e1s\" \/>\n<meta property=\"og:url\" content=\"https:\/\/www.ijrsoftware.com\/soc-l\/\" \/>\n<meta property=\"og:site_name\" content=\"iJR Software\" \/>\n<meta property=\"article:modified_time\" content=\"2025-04-19T19:17:56+00:00\" \/>\n<meta property=\"og:image\" content=\"https:\/\/www.ijrsoftware.com\/wp-content\/uploads\/2017\/02\/Logo512-150x150.png\" \/>\n<meta name=\"twitter:card\" content=\"summary_large_image\" \/>\n<meta name=\"twitter:site\" content=\"@ijrsoftware\" \/>\n<meta name=\"twitter:label1\" content=\"Tiempo de lectura\" \/>\n\t<meta name=\"twitter:data1\" content=\"4 minutos\" \/>\n<script type=\"application\/ld+json\" class=\"yoast-schema-graph\">{\"@context\":\"https:\/\/schema.org\",\"@graph\":[{\"@type\":\"WebPage\",\"@id\":\"https:\/\/www.ijrsoftware.com\/soc-l\/\",\"url\":\"https:\/\/www.ijrsoftware.com\/soc-l\/\",\"name\":\"SoC-L - iJR Software\",\"isPartOf\":{\"@id\":\"https:\/\/www.ijrsoftware.com\/#website\"},\"datePublished\":\"2017-02-03T23:55:19+00:00\",\"dateModified\":\"2025-04-19T19:17:56+00:00\",\"breadcrumb\":{\"@id\":\"https:\/\/www.ijrsoftware.com\/soc-l\/#breadcrumb\"},\"inLanguage\":\"es\",\"potentialAction\":[{\"@type\":\"ReadAction\",\"target\":[\"https:\/\/www.ijrsoftware.com\/soc-l\/\"]}]},{\"@type\":\"BreadcrumbList\",\"@id\":\"https:\/\/www.ijrsoftware.com\/soc-l\/#breadcrumb\",\"itemListElement\":[{\"@type\":\"ListItem\",\"position\":1,\"name\":\"Home\",\"item\":\"https:\/\/www.ijrsoftware.com\/\"},{\"@type\":\"ListItem\",\"position\":2,\"name\":\"SoC-L\"}]},{\"@type\":\"WebSite\",\"@id\":\"https:\/\/www.ijrsoftware.com\/#website\",\"url\":\"https:\/\/www.ijrsoftware.com\/\",\"name\":\"iJR Software\",\"description\":\"\",\"publisher\":{\"@id\":\"https:\/\/www.ijrsoftware.com\/#organization\"},\"potentialAction\":[{\"@type\":\"SearchAction\",\"target\":{\"@type\":\"EntryPoint\",\"urlTemplate\":\"https:\/\/www.ijrsoftware.com\/?s={search_term_string}\"},\"query-input\":\"required name=search_term_string\"}],\"inLanguage\":\"es\"},{\"@type\":\"Organization\",\"@id\":\"https:\/\/www.ijrsoftware.com\/#organization\",\"name\":\"iJR Software\",\"url\":\"https:\/\/www.ijrsoftware.com\/\",\"logo\":{\"@type\":\"ImageObject\",\"inLanguage\":\"es\",\"@id\":\"https:\/\/www.ijrsoftware.com\/#\/schema\/logo\/image\/\",\"url\":\"https:\/\/www.ijrsoftware.com\/wp-content\/uploads\/2016\/11\/cropped-logo.png\",\"contentUrl\":\"https:\/\/www.ijrsoftware.com\/wp-content\/uploads\/2016\/11\/cropped-logo.png\",\"width\":280,\"height\":56,\"caption\":\"iJR Software\"},\"image\":{\"@id\":\"https:\/\/www.ijrsoftware.com\/#\/schema\/logo\/image\/\"},\"sameAs\":[\"https:\/\/twitter.com\/ijrsoftware\"]}]}<\/script>\n<!-- \/ Yoast SEO plugin. -->","yoast_head_json":{"title":"SoC-L - iJR Software","robots":{"index":"index","follow":"follow","max-snippet":"max-snippet:-1","max-image-preview":"max-image-preview:large","max-video-preview":"max-video-preview:-1"},"canonical":"https:\/\/www.ijrsoftware.com\/soc-l\/","og_locale":"es_ES","og_type":"article","og_title":"SoC-L - iJR Software","og_description":"Con esta aplicaci\u00f3n podr\u00e1 consultar las especificaciones de los SoCs pertenecientes a los principales fabricantes: Allwinner, Amlogic, Apple, Broadcom, Cavium, Freescale, HiSilicon, Intel, Leadcore, MediaTek, Nvidia, Qualcomm, Rockchip, Samsung, Spreadtrum, ST-Ericsson, Texas Instruments y Xiaomi. PRINCIPALES CARACTER\u00cdSTICAS: \u2022\u00a0M\u00e1s de 700 SoCs con todas las especificaciones. \u2022\u00a0Fotos de SoCs \u2022\u00a0Funci\u00f3n \u00abFavoritos\u00bb: \u00a1a\u00f1ade tus SoCs favoritos en ... Leer m\u00e1s","og_url":"https:\/\/www.ijrsoftware.com\/soc-l\/","og_site_name":"iJR Software","article_modified_time":"2025-04-19T19:17:56+00:00","og_image":[{"url":"https:\/\/www.ijrsoftware.com\/wp-content\/uploads\/2017\/02\/Logo512-150x150.png"}],"twitter_card":"summary_large_image","twitter_site":"@ijrsoftware","twitter_misc":{"Tiempo de lectura":"4 minutos"},"schema":{"@context":"https:\/\/schema.org","@graph":[{"@type":"WebPage","@id":"https:\/\/www.ijrsoftware.com\/soc-l\/","url":"https:\/\/www.ijrsoftware.com\/soc-l\/","name":"SoC-L - iJR Software","isPartOf":{"@id":"https:\/\/www.ijrsoftware.com\/#website"},"datePublished":"2017-02-03T23:55:19+00:00","dateModified":"2025-04-19T19:17:56+00:00","breadcrumb":{"@id":"https:\/\/www.ijrsoftware.com\/soc-l\/#breadcrumb"},"inLanguage":"es","potentialAction":[{"@type":"ReadAction","target":["https:\/\/www.ijrsoftware.com\/soc-l\/"]}]},{"@type":"BreadcrumbList","@id":"https:\/\/www.ijrsoftware.com\/soc-l\/#breadcrumb","itemListElement":[{"@type":"ListItem","position":1,"name":"Home","item":"https:\/\/www.ijrsoftware.com\/"},{"@type":"ListItem","position":2,"name":"SoC-L"}]},{"@type":"WebSite","@id":"https:\/\/www.ijrsoftware.com\/#website","url":"https:\/\/www.ijrsoftware.com\/","name":"iJR Software","description":"","publisher":{"@id":"https:\/\/www.ijrsoftware.com\/#organization"},"potentialAction":[{"@type":"SearchAction","target":{"@type":"EntryPoint","urlTemplate":"https:\/\/www.ijrsoftware.com\/?s={search_term_string}"},"query-input":"required name=search_term_string"}],"inLanguage":"es"},{"@type":"Organization","@id":"https:\/\/www.ijrsoftware.com\/#organization","name":"iJR Software","url":"https:\/\/www.ijrsoftware.com\/","logo":{"@type":"ImageObject","inLanguage":"es","@id":"https:\/\/www.ijrsoftware.com\/#\/schema\/logo\/image\/","url":"https:\/\/www.ijrsoftware.com\/wp-content\/uploads\/2016\/11\/cropped-logo.png","contentUrl":"https:\/\/www.ijrsoftware.com\/wp-content\/uploads\/2016\/11\/cropped-logo.png","width":280,"height":56,"caption":"iJR Software"},"image":{"@id":"https:\/\/www.ijrsoftware.com\/#\/schema\/logo\/image\/"},"sameAs":["https:\/\/twitter.com\/ijrsoftware"]}]}},"_links":{"self":[{"href":"https:\/\/www.ijrsoftware.com\/es\/wp-json\/wp\/v2\/pages\/331"}],"collection":[{"href":"https:\/\/www.ijrsoftware.com\/es\/wp-json\/wp\/v2\/pages"}],"about":[{"href":"https:\/\/www.ijrsoftware.com\/es\/wp-json\/wp\/v2\/types\/page"}],"author":[{"embeddable":true,"href":"https:\/\/www.ijrsoftware.com\/es\/wp-json\/wp\/v2\/users\/1"}],"replies":[{"embeddable":true,"href":"https:\/\/www.ijrsoftware.com\/es\/wp-json\/wp\/v2\/comments?post=331"}],"version-history":[{"count":20,"href":"https:\/\/www.ijrsoftware.com\/es\/wp-json\/wp\/v2\/pages\/331\/revisions"}],"predecessor-version":[{"id":2733,"href":"https:\/\/www.ijrsoftware.com\/es\/wp-json\/wp\/v2\/pages\/331\/revisions\/2733"}],"wp:attachment":[{"href":"https:\/\/www.ijrsoftware.com\/es\/wp-json\/wp\/v2\/media?parent=331"}],"curies":[{"name":"wp","href":"https:\/\/api.w.org\/{rel}","templated":true}]}}