{"id":54,"date":"2016-05-02T16:35:46","date_gmt":"2016-05-02T16:35:46","guid":{"rendered":"http:\/\/ijsoft.esy.es\/?page_id=54"},"modified":"2018-06-09T22:36:17","modified_gmt":"2018-06-09T20:36:17","slug":"privacy-policy","status":"publish","type":"page","link":"https:\/\/www.ijrsoftware.com\/es\/privacy-policy\/","title":{"rendered":"Pol\u00edtica de Privacidad"},"content":{"rendered":"<p><\/p>\n<div class=\"one_line_col\">\n<div class=\"one_line_col\">\n<h2>Responsable de Tratamiento de los Datos y Titular<\/h2>\n<p>Jorge Alvarado D\u00edaz\u00a0(alias iJR Software)<br \/>\nBadajoz &#8211; ESPA\u00d1A<br \/>\n<a href=\"mailto:contactoijsoft@gmail.com\">contactoijsoft@gmail.com<\/a><\/p>\n<\/div>\n<div class=\"one_line_col\">\n<h2>Clases de Datos recogidos<\/h2>\n<p>Entre las clases de Datos Personales que esta Aplicaci\u00f3n recoge, ya sea directamente o a trav\u00e9s de terceros, se encuentran: Cookie y Datos de uso.<\/p>\n<p>Otros Datos Personales recogidos pueden encontrarse descritos en otros apartados de la presente pol\u00edtica de privacidad o en un texto explicativo espec\u00edfico mostrado contextualmente en el momento de la recogida de dichos Datos.<br \/>\nLos Datos Personales pueden ser proporcionados por el Usuario por su propia voluntad, o bien ser recogidos autom\u00e1ticamente durante la utilizaci\u00f3n de esta Aplicaci\u00f3n.<br \/>\nSalvo que se indique lo contrario, el uso de Cookies \u2013 o de otras medios de seguimiento \u2013 por esta Aplicaci\u00f3n o por los propietarios de servicios de terceros utilizados por esta Aplicaci\u00f3n tiene como finalidad la identificaci\u00f3n de los Usuarios y el registro de sus preferencias, con la \u00fanica finalidad de prestar el servicio solicitado por el Usuario.<br \/>\nLa negativa del Usuario a proporcionar ciertos Datos Personales podr\u00eda imposibilitar a esta Aplicaci\u00f3n la prestaci\u00f3n de sus servicios.<\/p>\n<p>El Usuario asume la responsabilidad por los Datos Personales de terceros publicados o compartidos mediante esta Aplicaci\u00f3n y declara que tiene el consentimiento de dichos terceros para proporcionar los Datos al Titular.<\/p>\n<\/div>\n<div class=\"one_line_col\">\n<h2>Modalidad y lugar del Tratamiento de los Datos recogidos<\/h2>\n<h3>Modalidades de Tratamiento<\/h3>\n<p>El Responsable de Tratamiento tratar\u00e1 los Datos de los Usuarios de manera adecuada y adoptar\u00e1 las medidas de seguridad apropiadas para impedir el acceso, la revelaci\u00f3n, alteraci\u00f3n o destrucci\u00f3n no autorizados de los Datos.<br \/>\nEl tratamiento de Datos se realiza mediante ordenadores y\/o herramientas inform\u00e1ticas, siguiendo procedimientos y modalidades organizativas estrictamente relacionadas con las finalidades se\u00f1aladas. Adem\u00e1s del Responsable de Tratamiento, en algunos casos podr\u00e1n acceder a los Datos ciertas categor\u00edas de personas encargadas relacionadas con el funcionamiento de la p\u00e1gina (administraci\u00f3n, ventas, marketing, departamento jur\u00eddico y de administraci\u00f3n de sistemas) o contratistas externos que presten servicios al Responsable de Tratamiento (tales como proveedores externos de servicios t\u00e9cnicos, empresas de mensajer\u00eda, \u201chosting providers\u201d, empresas de inform\u00e1tica, agencias de comunicaci\u00f3n) que ser\u00e1n nombrados por el Titular como Encargados del Tratamiento, si fuera necesario. Se podr\u00e1 solicitar al Responsable de Tratamiento en cualquier momento una lista actualizada de dichas personas.<\/p>\n<h3>Lugar<\/h3>\n<p>Los Datos ser\u00e1n tratados en la sede operativa del Responsable de Tratamiento, as\u00ed como en otros lugares en los que se encuentren situadas las partes que tambi\u00e9n est\u00e9n involucradas en dicho tratamiento. Para m\u00e1s informaci\u00f3n, por favor p\u00f3ngase en contacto con el Responsable de Tratamiento.<\/p>\n<h3>Per\u00edodo de Conservaci\u00f3n<\/h3>\n<p>Los Datos ser\u00e1n tratados durante el plazo necesario para prestar el servicio solicitado por el Usuario, o el que se requiera en funci\u00f3n de las finalidades descritas en este documento, y el Usuario tendr\u00e1 en todo momento la facultad de solicitar la interrupci\u00f3n de su Tratamiento o la cancelaci\u00f3n de los Datos.<\/p>\n<\/div>\n<div class=\"one_line_col\">\n<h2>Finalidad del Tratamiento de los Datos recogidos<\/h2>\n<p>Los Datos relativos al Usuario son recogidos para permitir al Titular la prestaci\u00f3n de sus servicios, as\u00ed como para las siguientes finalidades: Estad\u00edsticas y Publicidad.<\/p>\n<p>Los Datos Personales utilizados para cada finalidad son descritos en los apartados espec\u00edficos de este documento.<\/p>\n<\/div>\n<div class=\"one_line_col\">\n<h2>Informaci\u00f3n detallada del tratamiento de los Datos Personales<\/h2>\n<p>Se recogen Datos Personales para las siguientes finalidades y utilizando los siguientes servicios:<\/p>\n<ul class=\"for_boxes\">\n<li>\n<div class=\"box_primary box_10 expand collapsed\">\n<h3 class=\"expand-click w_icon_24 policyicon_purpose_2707305\">Estad\u00edsticas<\/h3>\n<p>Los servicios contenidos en esta secci\u00f3n permiten al Titular monitorizar, analizar el tr\u00e1fico web y analizar el uso de las aplicaciones y pueden ser utilizados para rastrear el comportamiento del Usuario.<\/p>\n<p><strong>Google Analytics (Google Inc.)<\/strong><\/p>\n<p>Datos Personales recogidos: Cookie y Datos de uso.<\/p>\n<p>Lugar de tratamiento: EE.UU. \u2013 <a href=\"https:\/\/policies.google.com\/privacy?hl=es\" target=\"_blank\" rel=\"noopener\">Pol\u00edtica de privacidad<\/a> \u2013<a href=\"https:\/\/tools.google.com\/dlpage\/gaoptout?hl=es\" target=\"_blank\" rel=\"noopener\">Opt Out<\/a><\/p>\n<p><strong>Firebase (Google Inc.)<\/strong><\/p>\n<p>Datos Personales recogidos: Datos de uso en las aplicaciones.<\/p>\n<p>Lugar de tratamiento: EE.UU. \u2013 <a href=\"https:\/\/policies.google.com\/privacy?hl=es\" target=\"_blank\" rel=\"noopener\">Pol\u00edtica de privacidad<\/a> \u2013<a href=\"https:\/\/tools.google.com\/dlpage\/gaoptout?hl=es\" target=\"_blank\" rel=\"noopener\">Opt Out<\/a><\/p>\n<p><strong>Crashlytics (Google Inc.)<\/strong><\/p>\n<p>Datos Personales recogidos: Datos de uso en las aplicaciones.<\/p>\n<p>Lugar de tratamiento: EE.UU. \u2013 <a href=\"https:\/\/policies.google.com\/privacy?hl=es\" target=\"_blank\" rel=\"noopener\">Pol\u00edtica de privacidad<\/a> \u2013<a href=\"https:\/\/tools.google.com\/dlpage\/gaoptout?hl=es\" target=\"_blank\" rel=\"noopener\">Opt Out<\/a><\/p>\n<\/div>\n<\/li>\n<li>\n<h3 class=\"expand-click w_icon_24 policyicon_purpose_2707305\"><strong>Publicidad<\/strong><\/h3>\n<p>Esta secci\u00f3n contempla la plataformas de publicidad que permiten al Titular monetizar las apps CPU-L, GPU-L y SoC-L.<\/p>\n<p><strong>Admob (Google Inc.)<\/strong><\/p>\n<p>Datos Personales recogidos: Cookie y Datos de uso en las aplicaciones.<\/p>\n<p>Lugar de tratamiento: EE.UU. \u2013 <a href=\"https:\/\/policies.google.com\/privacy?hl=es\" target=\"_blank\" rel=\"noopener\">Pol\u00edtica de privacidad<\/a> \u2013<a href=\"https:\/\/tools.google.com\/dlpage\/gaoptout?hl=es\" target=\"_blank\" rel=\"noopener\">Opt Out<\/a><\/li>\n<\/ul>\n<\/div>\n<div class=\"one_line_col\">\n<h2>Informaci\u00f3n adicional sobre la recogida de Datos y su tratamiento<\/h2>\n<h3>Defensa jur\u00eddica<\/h3>\n<p>Los Datos Personales del Usuario podr\u00e1n ser utilizados para la defensa jur\u00eddica del Titular en juicio o en las fases prejudiciales previas a un posible pleito derivado del uso abusivo por parte del Usuario de esta Aplicaci\u00f3n o de los servicios relacionados.<br \/>\nEl Usuario es consciente de que el Titular puede ser requerido por autoridades p\u00fablicas a fin de revelar Datos Personales.<\/p>\n<h3>Informaci\u00f3n adicional acerca de los Datos Personales del Usuario<\/h3>\n<p>Adem\u00e1s de las informaciones contenidas en esta pol\u00edtica de privacidad, esta Aplicaci\u00f3n podr\u00e1 proporcionar al Usuario informaci\u00f3n contextual relativa a servicios espec\u00edficos o a la recogida y tratamiento de los Datos Personales.<\/p>\n<h3>Log del sistema y mantenimiento<\/h3>\n<p>Por motivos relativos al funcionamiento y el mantenimiento, esta Aplicaci\u00f3n y cualesquiera otros servicios de terceros que se utilicen podr\u00e1n recoger un Log del sistema, esto es, archivos que registren las interacciones y que pueden contener Datos Personales, tales como la direcci\u00f3n IP del Usuario.<\/p>\n<h3>Informaci\u00f3n no contenida en esta pol\u00edtica de privacidad<\/h3>\n<p>Se podr\u00e1 solicitar en cualquier momento informaci\u00f3n adicional sobre la recogida y el tratamiento de los Datos Personales al Responsable de Tratamiento. Encontrar\u00e1 la informaci\u00f3n de contacto al inicio del presente documento.<\/p>\n<h3>Ejercicio de los derechos por los Titulares de los Datos<\/h3>\n<p>Los titulares a los que se refieren los Datos Personales tienen derecho a obtener en cualquier momento la confirmaci\u00f3n de que estos han sido almacenados por el Responsable de Tratamiento, a conocer su contenido y origen, a verificar su exactitud o solicitar que sean completados, cancelados, actualizados o rectificados, a que sean anonimizados o a que se bloqueen aquellos Datos Personales que est\u00e1n siendo tratados en contravenci\u00f3n de las leyes, as\u00ed como a oponerse a su tratamiento por cualquier motivo leg\u00edtimo. Las solicitudes deber\u00e1n remitirse al Responsable de Tratamiento utilizando los datos de contacto indicados anteriormente.<\/p>\n<p>Esta Aplicaci\u00f3n no permite solicitudes \u201cDo Not Track\u201d.<br \/>\nPara determinar si cualquiera de los servicios de terceros que utiliza acepta solicitudes \u201cDo Not Track\u201d, por favor lea sus pol\u00edticas de privacidad.<\/p>\n<h3>Modificaci\u00f3n de esta pol\u00edtica de privacidad<\/h3>\n<p>El Responsable de Tratamiento se reserva el derecho de modificar esta pol\u00edtica de privacidad en cualquier momento notific\u00e1ndolo a los Usuarios a trav\u00e9s de esta p\u00e1gina. Se recomienda encarecidamente que revisen esta p\u00e1gina con frecuencia, tomando como referencia la fecha de la \u00faltima modificaci\u00f3n indicada al final. En el caso de que un Usuario est\u00e9 en desacuerdo con alguna de las modificaciones realizadas a esta Pol\u00edtica, el Usuario deber\u00e1 cesar en el uso de esta Aplicaci\u00f3n y podr\u00e1 solicitar al Responsable de Tratamiento que elimine sus Datos Personales. Salvo que se indique lo contrario, la pol\u00edtica de privacidad vigente en cada momento ser\u00e1 de aplicaci\u00f3n a todos los Datos Personales que el Responsable de Tratamiento haya recogido hasta entonces.<\/p>\n<p>&nbsp;<\/p>\n<p>iJR Software &#8211; 09 de Junio de 2018<\/p>\n<\/div>\n<\/div>\n<p><\/p>","protected":false},"excerpt":{"rendered":"<p>Responsable de Tratamiento de los Datos y Titular Jorge Alvarado D\u00edaz\u00a0(alias iJR Software) Badajoz &#8211; ESPA\u00d1A contactoijsoft@gmail.com Clases de Datos recogidos Entre las clases de Datos Personales que esta Aplicaci\u00f3n recoge, ya sea directamente o a trav\u00e9s de terceros, se encuentran: Cookie y Datos de uso. Otros Datos Personales recogidos pueden encontrarse descritos en otros &#8230; <a title=\"Pol\u00edtica de Privacidad\" class=\"read-more\" href=\"https:\/\/www.ijrsoftware.com\/es\/privacy-policy\/\" aria-label=\"Leer m\u00e1s sobre Pol\u00edtica de Privacidad\">Leer m\u00e1s<\/a><\/p>\n","protected":false},"author":1,"featured_media":0,"parent":0,"menu_order":0,"comment_status":"closed","ping_status":"closed","template":"","meta":[],"yoast_head":"<!-- This site is optimized with the Yoast SEO plugin v19.13 - https:\/\/yoast.com\/wordpress\/plugins\/seo\/ -->\n<title>Pol\u00edtica de Privacidad - iJR Software<\/title>\n<meta name=\"robots\" content=\"index, follow, max-snippet:-1, max-image-preview:large, max-video-preview:-1\" \/>\n<link rel=\"canonical\" href=\"https:\/\/www.ijrsoftware.com\/privacy-policy\/\" \/>\n<meta property=\"og:locale\" content=\"es_ES\" \/>\n<meta property=\"og:type\" content=\"article\" \/>\n<meta property=\"og:title\" content=\"Pol\u00edtica de Privacidad - iJR Software\" \/>\n<meta property=\"og:description\" content=\"Responsable de Tratamiento de los Datos y Titular Jorge Alvarado D\u00edaz\u00a0(alias iJR Software) Badajoz &#8211; ESPA\u00d1A contactoijsoft@gmail.com Clases de Datos recogidos Entre las clases de Datos Personales que esta Aplicaci\u00f3n recoge, ya sea directamente o a trav\u00e9s de terceros, se encuentran: Cookie y Datos de uso. Otros Datos Personales recogidos pueden encontrarse descritos en otros ... Leer m\u00e1s\" \/>\n<meta property=\"og:url\" content=\"https:\/\/www.ijrsoftware.com\/privacy-policy\/\" \/>\n<meta property=\"og:site_name\" content=\"iJR Software\" \/>\n<meta property=\"article:modified_time\" content=\"2018-06-09T20:36:17+00:00\" \/>\n<meta name=\"twitter:card\" content=\"summary_large_image\" \/>\n<meta name=\"twitter:site\" content=\"@ijrsoftware\" \/>\n<meta name=\"twitter:label1\" content=\"Tiempo de lectura\" \/>\n\t<meta name=\"twitter:data1\" content=\"11 minutos\" \/>\n<script type=\"application\/ld+json\" class=\"yoast-schema-graph\">{\"@context\":\"https:\/\/schema.org\",\"@graph\":[{\"@type\":\"WebPage\",\"@id\":\"https:\/\/www.ijrsoftware.com\/privacy-policy\/\",\"url\":\"https:\/\/www.ijrsoftware.com\/privacy-policy\/\",\"name\":\"Pol\u00edtica de Privacidad - iJR Software\",\"isPartOf\":{\"@id\":\"https:\/\/www.ijrsoftware.com\/#website\"},\"datePublished\":\"2016-05-02T16:35:46+00:00\",\"dateModified\":\"2018-06-09T20:36:17+00:00\",\"breadcrumb\":{\"@id\":\"https:\/\/www.ijrsoftware.com\/privacy-policy\/#breadcrumb\"},\"inLanguage\":\"es\",\"potentialAction\":[{\"@type\":\"ReadAction\",\"target\":[\"https:\/\/www.ijrsoftware.com\/privacy-policy\/\"]}]},{\"@type\":\"BreadcrumbList\",\"@id\":\"https:\/\/www.ijrsoftware.com\/privacy-policy\/#breadcrumb\",\"itemListElement\":[{\"@type\":\"ListItem\",\"position\":1,\"name\":\"Home\",\"item\":\"https:\/\/www.ijrsoftware.com\/\"},{\"@type\":\"ListItem\",\"position\":2,\"name\":\"Privacy Policy\"}]},{\"@type\":\"WebSite\",\"@id\":\"https:\/\/www.ijrsoftware.com\/#website\",\"url\":\"https:\/\/www.ijrsoftware.com\/\",\"name\":\"iJR Software\",\"description\":\"\",\"publisher\":{\"@id\":\"https:\/\/www.ijrsoftware.com\/#organization\"},\"potentialAction\":[{\"@type\":\"SearchAction\",\"target\":{\"@type\":\"EntryPoint\",\"urlTemplate\":\"https:\/\/www.ijrsoftware.com\/?s={search_term_string}\"},\"query-input\":\"required name=search_term_string\"}],\"inLanguage\":\"es\"},{\"@type\":\"Organization\",\"@id\":\"https:\/\/www.ijrsoftware.com\/#organization\",\"name\":\"iJR Software\",\"url\":\"https:\/\/www.ijrsoftware.com\/\",\"logo\":{\"@type\":\"ImageObject\",\"inLanguage\":\"es\",\"@id\":\"https:\/\/www.ijrsoftware.com\/#\/schema\/logo\/image\/\",\"url\":\"https:\/\/www.ijrsoftware.com\/wp-content\/uploads\/2016\/11\/cropped-logo.png\",\"contentUrl\":\"https:\/\/www.ijrsoftware.com\/wp-content\/uploads\/2016\/11\/cropped-logo.png\",\"width\":280,\"height\":56,\"caption\":\"iJR Software\"},\"image\":{\"@id\":\"https:\/\/www.ijrsoftware.com\/#\/schema\/logo\/image\/\"},\"sameAs\":[\"https:\/\/twitter.com\/ijrsoftware\"]}]}<\/script>\n<!-- \/ Yoast SEO plugin. -->","yoast_head_json":{"title":"Pol\u00edtica de Privacidad - iJR Software","robots":{"index":"index","follow":"follow","max-snippet":"max-snippet:-1","max-image-preview":"max-image-preview:large","max-video-preview":"max-video-preview:-1"},"canonical":"https:\/\/www.ijrsoftware.com\/privacy-policy\/","og_locale":"es_ES","og_type":"article","og_title":"Pol\u00edtica de Privacidad - iJR Software","og_description":"Responsable de Tratamiento de los Datos y Titular Jorge Alvarado D\u00edaz\u00a0(alias iJR Software) Badajoz &#8211; ESPA\u00d1A contactoijsoft@gmail.com Clases de Datos recogidos Entre las clases de Datos Personales que esta Aplicaci\u00f3n recoge, ya sea directamente o a trav\u00e9s de terceros, se encuentran: Cookie y Datos de uso. Otros Datos Personales recogidos pueden encontrarse descritos en otros ... Leer m\u00e1s","og_url":"https:\/\/www.ijrsoftware.com\/privacy-policy\/","og_site_name":"iJR Software","article_modified_time":"2018-06-09T20:36:17+00:00","twitter_card":"summary_large_image","twitter_site":"@ijrsoftware","twitter_misc":{"Tiempo de lectura":"11 minutos"},"schema":{"@context":"https:\/\/schema.org","@graph":[{"@type":"WebPage","@id":"https:\/\/www.ijrsoftware.com\/privacy-policy\/","url":"https:\/\/www.ijrsoftware.com\/privacy-policy\/","name":"Pol\u00edtica de Privacidad - iJR Software","isPartOf":{"@id":"https:\/\/www.ijrsoftware.com\/#website"},"datePublished":"2016-05-02T16:35:46+00:00","dateModified":"2018-06-09T20:36:17+00:00","breadcrumb":{"@id":"https:\/\/www.ijrsoftware.com\/privacy-policy\/#breadcrumb"},"inLanguage":"es","potentialAction":[{"@type":"ReadAction","target":["https:\/\/www.ijrsoftware.com\/privacy-policy\/"]}]},{"@type":"BreadcrumbList","@id":"https:\/\/www.ijrsoftware.com\/privacy-policy\/#breadcrumb","itemListElement":[{"@type":"ListItem","position":1,"name":"Home","item":"https:\/\/www.ijrsoftware.com\/"},{"@type":"ListItem","position":2,"name":"Privacy Policy"}]},{"@type":"WebSite","@id":"https:\/\/www.ijrsoftware.com\/#website","url":"https:\/\/www.ijrsoftware.com\/","name":"iJR Software","description":"","publisher":{"@id":"https:\/\/www.ijrsoftware.com\/#organization"},"potentialAction":[{"@type":"SearchAction","target":{"@type":"EntryPoint","urlTemplate":"https:\/\/www.ijrsoftware.com\/?s={search_term_string}"},"query-input":"required name=search_term_string"}],"inLanguage":"es"},{"@type":"Organization","@id":"https:\/\/www.ijrsoftware.com\/#organization","name":"iJR Software","url":"https:\/\/www.ijrsoftware.com\/","logo":{"@type":"ImageObject","inLanguage":"es","@id":"https:\/\/www.ijrsoftware.com\/#\/schema\/logo\/image\/","url":"https:\/\/www.ijrsoftware.com\/wp-content\/uploads\/2016\/11\/cropped-logo.png","contentUrl":"https:\/\/www.ijrsoftware.com\/wp-content\/uploads\/2016\/11\/cropped-logo.png","width":280,"height":56,"caption":"iJR Software"},"image":{"@id":"https:\/\/www.ijrsoftware.com\/#\/schema\/logo\/image\/"},"sameAs":["https:\/\/twitter.com\/ijrsoftware"]}]}},"_links":{"self":[{"href":"https:\/\/www.ijrsoftware.com\/es\/wp-json\/wp\/v2\/pages\/54"}],"collection":[{"href":"https:\/\/www.ijrsoftware.com\/es\/wp-json\/wp\/v2\/pages"}],"about":[{"href":"https:\/\/www.ijrsoftware.com\/es\/wp-json\/wp\/v2\/types\/page"}],"author":[{"embeddable":true,"href":"https:\/\/www.ijrsoftware.com\/es\/wp-json\/wp\/v2\/users\/1"}],"replies":[{"embeddable":true,"href":"https:\/\/www.ijrsoftware.com\/es\/wp-json\/wp\/v2\/comments?post=54"}],"version-history":[{"count":40,"href":"https:\/\/www.ijrsoftware.com\/es\/wp-json\/wp\/v2\/pages\/54\/revisions"}],"predecessor-version":[{"id":688,"href":"https:\/\/www.ijrsoftware.com\/es\/wp-json\/wp\/v2\/pages\/54\/revisions\/688"}],"wp:attachment":[{"href":"https:\/\/www.ijrsoftware.com\/es\/wp-json\/wp\/v2\/media?parent=54"}],"curies":[{"name":"wp","href":"https:\/\/api.w.org\/{rel}","templated":true}]}}