{"id":578,"date":"2017-10-29T22:52:12","date_gmt":"2017-10-29T21:52:12","guid":{"rendered":"http:\/\/www.ijrsoftware.com\/?page_id=578"},"modified":"2025-10-12T21:17:51","modified_gmt":"2025-10-12T19:17:51","slug":"cpu-l-changelog","status":"publish","type":"page","link":"https:\/\/www.ijrsoftware.com\/es\/cpu-l-changelog\/","title":{"rendered":"(English) CPU-L Changelog"},"content":{"rendered":"<p class=\"qtranxs-available-languages-message qtranxs-available-languages-message-es\">Disculpa, pero esta entrada est\u00e1 disponible s\u00f3lo en <a href=\"https:\/\/www.ijrsoftware.com\/en\/wp-json\/wp\/v2\/pages\/578\" class=\"qtranxs-available-language-link qtranxs-available-language-link-en\" title=\"English\">Ingl\u00e9s Estadounidense<\/a>.<\/p>","protected":false},"excerpt":{"rendered":"<p>Disculpa, pero esta entrada est\u00e1 disponible s\u00f3lo en Ingl\u00e9s Estadounidense.<\/p>\n","protected":false},"author":1,"featured_media":0,"parent":0,"menu_order":0,"comment_status":"closed","ping_status":"closed","template":"","meta":[],"yoast_head":"<!-- This site is optimized with the Yoast SEO plugin v19.13 - https:\/\/yoast.com\/wordpress\/plugins\/seo\/ -->\n<title>(English) CPU-L Changelog - iJR Software<\/title>\n<meta name=\"robots\" content=\"index, follow, max-snippet:-1, max-image-preview:large, max-video-preview:-1\" \/>\n<link rel=\"canonical\" href=\"https:\/\/www.ijrsoftware.com\/cpu-l-changelog\/\" \/>\n<meta property=\"og:locale\" content=\"es_ES\" \/>\n<meta property=\"og:type\" content=\"article\" \/>\n<meta property=\"og:title\" content=\"(English) CPU-L Changelog - iJR Software\" \/>\n<meta property=\"og:description\" content=\"Disculpa, pero esta entrada est\u00e1 disponible s\u00f3lo en Ingl\u00e9s Estadounidense.\" \/>\n<meta property=\"og:url\" content=\"https:\/\/www.ijrsoftware.com\/cpu-l-changelog\/\" \/>\n<meta property=\"og:site_name\" content=\"iJR Software\" \/>\n<meta property=\"article:modified_time\" content=\"2025-10-12T19:17:51+00:00\" \/>\n<meta name=\"twitter:card\" content=\"summary_large_image\" \/>\n<meta name=\"twitter:site\" content=\"@ijrsoftware\" \/>\n<meta name=\"twitter:label1\" content=\"Tiempo de lectura\" \/>\n\t<meta name=\"twitter:data1\" content=\"3 minutos\" \/>\n<script type=\"application\/ld+json\" class=\"yoast-schema-graph\">{\"@context\":\"https:\/\/schema.org\",\"@graph\":[{\"@type\":\"WebPage\",\"@id\":\"https:\/\/www.ijrsoftware.com\/cpu-l-changelog\/\",\"url\":\"https:\/\/www.ijrsoftware.com\/cpu-l-changelog\/\",\"name\":\"(English) CPU-L Changelog - iJR Software\",\"isPartOf\":{\"@id\":\"https:\/\/www.ijrsoftware.com\/#website\"},\"datePublished\":\"2017-10-29T21:52:12+00:00\",\"dateModified\":\"2025-10-12T19:17:51+00:00\",\"breadcrumb\":{\"@id\":\"https:\/\/www.ijrsoftware.com\/cpu-l-changelog\/#breadcrumb\"},\"inLanguage\":\"es\",\"potentialAction\":[{\"@type\":\"ReadAction\",\"target\":[\"https:\/\/www.ijrsoftware.com\/cpu-l-changelog\/\"]}]},{\"@type\":\"BreadcrumbList\",\"@id\":\"https:\/\/www.ijrsoftware.com\/cpu-l-changelog\/#breadcrumb\",\"itemListElement\":[{\"@type\":\"ListItem\",\"position\":1,\"name\":\"Home\",\"item\":\"https:\/\/www.ijrsoftware.com\/\"},{\"@type\":\"ListItem\",\"position\":2,\"name\":\"CPU-L Changelog\"}]},{\"@type\":\"WebSite\",\"@id\":\"https:\/\/www.ijrsoftware.com\/#website\",\"url\":\"https:\/\/www.ijrsoftware.com\/\",\"name\":\"iJR Software\",\"description\":\"\",\"publisher\":{\"@id\":\"https:\/\/www.ijrsoftware.com\/#organization\"},\"potentialAction\":[{\"@type\":\"SearchAction\",\"target\":{\"@type\":\"EntryPoint\",\"urlTemplate\":\"https:\/\/www.ijrsoftware.com\/?s={search_term_string}\"},\"query-input\":\"required name=search_term_string\"}],\"inLanguage\":\"es\"},{\"@type\":\"Organization\",\"@id\":\"https:\/\/www.ijrsoftware.com\/#organization\",\"name\":\"iJR Software\",\"url\":\"https:\/\/www.ijrsoftware.com\/\",\"logo\":{\"@type\":\"ImageObject\",\"inLanguage\":\"es\",\"@id\":\"https:\/\/www.ijrsoftware.com\/#\/schema\/logo\/image\/\",\"url\":\"https:\/\/www.ijrsoftware.com\/wp-content\/uploads\/2016\/11\/cropped-logo.png\",\"contentUrl\":\"https:\/\/www.ijrsoftware.com\/wp-content\/uploads\/2016\/11\/cropped-logo.png\",\"width\":280,\"height\":56,\"caption\":\"iJR Software\"},\"image\":{\"@id\":\"https:\/\/www.ijrsoftware.com\/#\/schema\/logo\/image\/\"},\"sameAs\":[\"https:\/\/twitter.com\/ijrsoftware\"]}]}<\/script>\n<!-- \/ Yoast SEO plugin. -->","yoast_head_json":{"title":"(English) CPU-L Changelog - iJR Software","robots":{"index":"index","follow":"follow","max-snippet":"max-snippet:-1","max-image-preview":"max-image-preview:large","max-video-preview":"max-video-preview:-1"},"canonical":"https:\/\/www.ijrsoftware.com\/cpu-l-changelog\/","og_locale":"es_ES","og_type":"article","og_title":"(English) CPU-L Changelog - iJR Software","og_description":"Disculpa, pero esta entrada est\u00e1 disponible s\u00f3lo en Ingl\u00e9s Estadounidense.","og_url":"https:\/\/www.ijrsoftware.com\/cpu-l-changelog\/","og_site_name":"iJR Software","article_modified_time":"2025-10-12T19:17:51+00:00","twitter_card":"summary_large_image","twitter_site":"@ijrsoftware","twitter_misc":{"Tiempo de lectura":"3 minutos"},"schema":{"@context":"https:\/\/schema.org","@graph":[{"@type":"WebPage","@id":"https:\/\/www.ijrsoftware.com\/cpu-l-changelog\/","url":"https:\/\/www.ijrsoftware.com\/cpu-l-changelog\/","name":"(English) CPU-L Changelog - iJR Software","isPartOf":{"@id":"https:\/\/www.ijrsoftware.com\/#website"},"datePublished":"2017-10-29T21:52:12+00:00","dateModified":"2025-10-12T19:17:51+00:00","breadcrumb":{"@id":"https:\/\/www.ijrsoftware.com\/cpu-l-changelog\/#breadcrumb"},"inLanguage":"es","potentialAction":[{"@type":"ReadAction","target":["https:\/\/www.ijrsoftware.com\/cpu-l-changelog\/"]}]},{"@type":"BreadcrumbList","@id":"https:\/\/www.ijrsoftware.com\/cpu-l-changelog\/#breadcrumb","itemListElement":[{"@type":"ListItem","position":1,"name":"Home","item":"https:\/\/www.ijrsoftware.com\/"},{"@type":"ListItem","position":2,"name":"CPU-L Changelog"}]},{"@type":"WebSite","@id":"https:\/\/www.ijrsoftware.com\/#website","url":"https:\/\/www.ijrsoftware.com\/","name":"iJR Software","description":"","publisher":{"@id":"https:\/\/www.ijrsoftware.com\/#organization"},"potentialAction":[{"@type":"SearchAction","target":{"@type":"EntryPoint","urlTemplate":"https:\/\/www.ijrsoftware.com\/?s={search_term_string}"},"query-input":"required name=search_term_string"}],"inLanguage":"es"},{"@type":"Organization","@id":"https:\/\/www.ijrsoftware.com\/#organization","name":"iJR Software","url":"https:\/\/www.ijrsoftware.com\/","logo":{"@type":"ImageObject","inLanguage":"es","@id":"https:\/\/www.ijrsoftware.com\/#\/schema\/logo\/image\/","url":"https:\/\/www.ijrsoftware.com\/wp-content\/uploads\/2016\/11\/cropped-logo.png","contentUrl":"https:\/\/www.ijrsoftware.com\/wp-content\/uploads\/2016\/11\/cropped-logo.png","width":280,"height":56,"caption":"iJR Software"},"image":{"@id":"https:\/\/www.ijrsoftware.com\/#\/schema\/logo\/image\/"},"sameAs":["https:\/\/twitter.com\/ijrsoftware"]}]}},"_links":{"self":[{"href":"https:\/\/www.ijrsoftware.com\/es\/wp-json\/wp\/v2\/pages\/578"}],"collection":[{"href":"https:\/\/www.ijrsoftware.com\/es\/wp-json\/wp\/v2\/pages"}],"about":[{"href":"https:\/\/www.ijrsoftware.com\/es\/wp-json\/wp\/v2\/types\/page"}],"author":[{"embeddable":true,"href":"https:\/\/www.ijrsoftware.com\/es\/wp-json\/wp\/v2\/users\/1"}],"replies":[{"embeddable":true,"href":"https:\/\/www.ijrsoftware.com\/es\/wp-json\/wp\/v2\/comments?post=578"}],"version-history":[{"count":53,"href":"https:\/\/www.ijrsoftware.com\/es\/wp-json\/wp\/v2\/pages\/578\/revisions"}],"predecessor-version":[{"id":2741,"href":"https:\/\/www.ijrsoftware.com\/es\/wp-json\/wp\/v2\/pages\/578\/revisions\/2741"}],"wp:attachment":[{"href":"https:\/\/www.ijrsoftware.com\/es\/wp-json\/wp\/v2\/media?parent=578"}],"curies":[{"name":"wp","href":"https:\/\/api.w.org\/{rel}","templated":true}]}}